{"id":726,"date":"2024-03-26T12:31:44","date_gmt":"2024-03-26T12:31:44","guid":{"rendered":"https:\/\/lenabreidenbach.de\/?page_id=726"},"modified":"2024-05-04T08:30:56","modified_gmt":"2024-05-04T08:30:56","slug":"glueckssache","status":"publish","type":"page","link":"https:\/\/lenabreidenbach.de\/en\/glueckssache\/","title":{"rendered":"gl\u00fcckssache"},"content":{"rendered":"<div data-elementor-type=\"wp-page\" data-elementor-id=\"726\" class=\"elementor elementor-726\">\n\t\t\t\t<div class=\"elementor-element elementor-element-d4ef453 e-flex e-con-boxed e-con e-parent\" data-id=\"d4ef453\" data-element_type=\"container\" data-e-type=\"container\">\n\t\t\t\t\t<div class=\"e-con-inner\">\n\t\t\t\t<div class=\"elementor-element elementor-element-1f69933 elementor-widget elementor-widget-spacer\" data-id=\"1f69933\" data-element_type=\"widget\" data-e-type=\"widget\" data-widget_type=\"spacer.default\">\n\t\t\t\t<div class=\"elementor-widget-container\">\n\t\t\t\t\t\t\t<div class=\"elementor-spacer\">\n\t\t\t<div class=\"elementor-spacer-inner\"><\/div>\n\t\t<\/div>\n\t\t\t\t\t\t<\/div>\n\t\t\t\t<\/div>\n\t\t\t\t\t<\/div>\n\t\t\t\t<\/div>\n\t\t<div class=\"elementor-element elementor-element-7b6a102 e-flex e-con-boxed e-con e-parent\" data-id=\"7b6a102\" data-element_type=\"container\" data-e-type=\"container\">\n\t\t\t\t\t<div class=\"e-con-inner\">\n\t\t<div class=\"elementor-element elementor-element-4a559de e-con-full e-flex e-con e-child\" data-id=\"4a559de\" data-element_type=\"container\" data-e-type=\"container\">\n\t\t<div class=\"elementor-element elementor-element-d6e0904 e-flex e-con-boxed e-con e-child\" data-id=\"d6e0904\" data-element_type=\"container\" data-e-type=\"container\">\n\t\t\t\t\t<div class=\"e-con-inner\">\n\t\t\t\t<div class=\"elementor-element elementor-element-cf2f233 elementor-widget elementor-widget-video\" data-id=\"cf2f233\" data-element_type=\"widget\" data-e-type=\"widget\" data-settings=\"{&quot;video_type&quot;:&quot;vimeo&quot;}\" data-widget_type=\"video.default\">\n\t\t\t\t<div class=\"elementor-widget-container\">\n\t\t\t\t\t\t\t<div class=\"elementor-wrapper elementor-open-inline\">\n\t\t\t<iframe class=\"elementor-video-iframe\" allowfullscreen allow=\"clipboard-write\" title=\"vimeo Video Player\" src=\"https:\/\/player.vimeo.com\/video\/847296481?color&amp;autopause=0&amp;loop=0&amp;muted=0&amp;title=0&amp;portrait=1&amp;byline=1#t=\"><\/iframe>\t\t<\/div>\n\t\t\t\t\t\t<\/div>\n\t\t\t\t<\/div>\n\t\t\t\t\t<\/div>\n\t\t\t\t<\/div>\n\t\t<div class=\"elementor-element elementor-element-a76e990 e-flex e-con-boxed e-con e-child\" data-id=\"a76e990\" data-element_type=\"container\" data-e-type=\"container\">\n\t\t\t\t\t<div class=\"e-con-inner\">\n\t\t<div class=\"elementor-element elementor-element-3710358 e-flex e-con-boxed e-con e-child\" data-id=\"3710358\" data-element_type=\"container\" data-e-type=\"container\">\n\t\t\t\t\t<div class=\"e-con-inner\">\n\t\t\t\t<div class=\"elementor-element elementor-element-d70a7b5 elementor-widget elementor-widget-image\" data-id=\"d70a7b5\" data-element_type=\"widget\" data-e-type=\"widget\" data-widget_type=\"image.default\">\n\t\t\t\t<div class=\"elementor-widget-container\">\n\t\t\t\t\t\t\t\t\t\t\t\t\t\t\t<img fetchpriority=\"high\" decoding=\"async\" width=\"730\" height=\"1024\" src=\"https:\/\/lenabreidenbach.de\/wp-content\/uploads\/2024\/03\/glueckssache-730x1024.jpg\" class=\"attachment-large size-large wp-image-761\" alt=\"\" srcset=\"https:\/\/lenabreidenbach.de\/wp-content\/uploads\/2024\/03\/glueckssache-730x1024.jpg 730w, https:\/\/lenabreidenbach.de\/wp-content\/uploads\/2024\/03\/glueckssache-214x300.jpg 214w, https:\/\/lenabreidenbach.de\/wp-content\/uploads\/2024\/03\/glueckssache-768x1078.jpg 768w, https:\/\/lenabreidenbach.de\/wp-content\/uploads\/2024\/03\/glueckssache.jpg 1069w\" sizes=\"(max-width: 730px) 100vw, 730px\" \/>\t\t\t\t\t\t\t\t\t\t\t\t\t\t\t<\/div>\n\t\t\t\t<\/div>\n\t\t\t\t\t<\/div>\n\t\t\t\t<\/div>\n\t\t<div class=\"elementor-element elementor-element-8133d8c e-flex e-con-boxed e-con e-child\" data-id=\"8133d8c\" data-element_type=\"container\" data-e-type=\"container\">\n\t\t\t\t\t<div class=\"e-con-inner\">\n\t\t<div class=\"elementor-element elementor-element-2e18ad4 e-flex e-con-boxed e-con e-child\" data-id=\"2e18ad4\" data-element_type=\"container\" data-e-type=\"container\">\n\t\t\t\t\t<div class=\"e-con-inner\">\n\t\t\t\t<div class=\"elementor-element elementor-element-c5d5b86 elementor-widget elementor-widget-image\" data-id=\"c5d5b86\" data-element_type=\"widget\" data-e-type=\"widget\" data-widget_type=\"image.default\">\n\t\t\t\t<div class=\"elementor-widget-container\">\n\t\t\t\t\t\t\t\t\t\t\t\t\t\t\t<img decoding=\"async\" width=\"800\" height=\"450\" src=\"https:\/\/lenabreidenbach.de\/wp-content\/uploads\/2024\/03\/glueckssache-web-36-1024x576.jpg\" class=\"attachment-large size-large wp-image-760\" alt=\"\" srcset=\"https:\/\/lenabreidenbach.de\/wp-content\/uploads\/2024\/03\/glueckssache-web-36-1024x576.jpg 1024w, https:\/\/lenabreidenbach.de\/wp-content\/uploads\/2024\/03\/glueckssache-web-36-300x169.jpg 300w, https:\/\/lenabreidenbach.de\/wp-content\/uploads\/2024\/03\/glueckssache-web-36-768x432.jpg 768w, https:\/\/lenabreidenbach.de\/wp-content\/uploads\/2024\/03\/glueckssache-web-36.jpg 1500w\" sizes=\"(max-width: 800px) 100vw, 800px\" \/>\t\t\t\t\t\t\t\t\t\t\t\t\t\t\t<\/div>\n\t\t\t\t<\/div>\n\t\t\t\t\t<\/div>\n\t\t\t\t<\/div>\n\t\t<div class=\"elementor-element elementor-element-36bf58d e-flex e-con-boxed e-con e-child\" data-id=\"36bf58d\" data-element_type=\"container\" data-e-type=\"container\">\n\t\t\t\t\t<div class=\"e-con-inner\">\n\t\t\t\t<div class=\"elementor-element elementor-element-e2043bd elementor-widget elementor-widget-image\" data-id=\"e2043bd\" data-element_type=\"widget\" data-e-type=\"widget\" data-widget_type=\"image.default\">\n\t\t\t\t<div class=\"elementor-widget-container\">\n\t\t\t\t\t\t\t\t\t\t\t\t\t\t\t<img decoding=\"async\" width=\"800\" height=\"450\" src=\"https:\/\/lenabreidenbach.de\/wp-content\/uploads\/2024\/03\/glueckssache-web-35-1024x576.jpg\" class=\"attachment-large size-large wp-image-759\" alt=\"\" srcset=\"https:\/\/lenabreidenbach.de\/wp-content\/uploads\/2024\/03\/glueckssache-web-35-1024x576.jpg 1024w, https:\/\/lenabreidenbach.de\/wp-content\/uploads\/2024\/03\/glueckssache-web-35-300x169.jpg 300w, https:\/\/lenabreidenbach.de\/wp-content\/uploads\/2024\/03\/glueckssache-web-35-768x432.jpg 768w, https:\/\/lenabreidenbach.de\/wp-content\/uploads\/2024\/03\/glueckssache-web-35.jpg 1500w\" sizes=\"(max-width: 800px) 100vw, 800px\" \/>\t\t\t\t\t\t\t\t\t\t\t\t\t\t\t<\/div>\n\t\t\t\t<\/div>\n\t\t<div class=\"elementor-element elementor-element-598bfe4 e-flex e-con-boxed e-con e-child\" data-id=\"598bfe4\" data-element_type=\"container\" data-e-type=\"container\">\n\t\t\t\t\t<div class=\"e-con-inner\">\n\t\t\t\t<div class=\"elementor-element elementor-element-93c53ff elementor-widget elementor-widget-image\" data-id=\"93c53ff\" data-element_type=\"widget\" data-e-type=\"widget\" data-widget_type=\"image.default\">\n\t\t\t\t<div class=\"elementor-widget-container\">\n\t\t\t\t\t\t\t\t\t\t\t\t\t\t\t<img loading=\"lazy\" decoding=\"async\" width=\"800\" height=\"450\" src=\"https:\/\/lenabreidenbach.de\/wp-content\/uploads\/2024\/03\/glueckssache-web-30-1024x576.jpg\" class=\"attachment-large size-large wp-image-754\" alt=\"\" srcset=\"https:\/\/lenabreidenbach.de\/wp-content\/uploads\/2024\/03\/glueckssache-web-30-1024x576.jpg 1024w, https:\/\/lenabreidenbach.de\/wp-content\/uploads\/2024\/03\/glueckssache-web-30-300x169.jpg 300w, https:\/\/lenabreidenbach.de\/wp-content\/uploads\/2024\/03\/glueckssache-web-30-768x432.jpg 768w, https:\/\/lenabreidenbach.de\/wp-content\/uploads\/2024\/03\/glueckssache-web-30.jpg 1500w\" sizes=\"(max-width: 800px) 100vw, 800px\" \/>\t\t\t\t\t\t\t\t\t\t\t\t\t\t\t<\/div>\n\t\t\t\t<\/div>\n\t\t\t\t\t<\/div>\n\t\t\t\t<\/div>\n\t\t\t\t\t<\/div>\n\t\t\t\t<\/div>\n\t\t\t\t\t<\/div>\n\t\t\t\t<\/div>\n\t\t\t\t\t<\/div>\n\t\t\t\t<\/div>\n\t\t\t\t<\/div>\n\t\t<div class=\"elementor-element elementor-element-c932e7f e-con-full e-flex e-con e-child\" data-id=\"c932e7f\" data-element_type=\"container\" data-e-type=\"container\">\n\t\t<div class=\"elementor-element elementor-element-3f44405 e-flex e-con-boxed e-con e-child\" data-id=\"3f44405\" data-element_type=\"container\" data-e-type=\"container\">\n\t\t\t\t\t<div class=\"e-con-inner\">\n\t\t\t\t<div class=\"elementor-element elementor-element-208492c elementor-widget elementor-widget-text-editor\" data-id=\"208492c\" data-element_type=\"widget\" data-e-type=\"widget\" data-widget_type=\"text-editor.default\">\n\t\t\t\t<div class=\"elementor-widget-container\">\n\t\t\t\t\t\t\t\t\t<p>Shake Your Luck!<\/p>\t\t\t\t\t\t\t\t<\/div>\n\t\t\t\t<\/div>\n\t\t\t\t\t<\/div>\n\t\t\t\t<\/div>\n\t\t<div class=\"elementor-element elementor-element-2801019 e-flex e-con-boxed e-con e-child\" data-id=\"2801019\" data-element_type=\"container\" data-e-type=\"container\">\n\t\t\t\t\t<div class=\"e-con-inner\">\n\t\t\t\t<div class=\"elementor-element elementor-element-cf6a33b elementor-widget elementor-widget-text-editor\" data-id=\"cf6a33b\" data-element_type=\"widget\" data-e-type=\"widget\" data-widget_type=\"text-editor.default\">\n\t\t\t\t<div class=\"elementor-widget-container\">\n\t\t\t\t\t\t\t\t\t<p>Life is unfair.<\/p>\t\t\t\t\t\t\t\t<\/div>\n\t\t\t\t<\/div>\n\t\t\t\t\t<\/div>\n\t\t\t\t<\/div>\n\t\t<div class=\"elementor-element elementor-element-4c4c11a e-flex e-con-boxed e-con e-child\" data-id=\"4c4c11a\" data-element_type=\"container\" data-e-type=\"container\">\n\t\t\t\t\t<div class=\"e-con-inner\">\n\t\t\t\t<div class=\"elementor-element elementor-element-ed878a1 elementor-widget elementor-widget-text-editor\" data-id=\"ed878a1\" data-element_type=\"widget\" data-e-type=\"widget\" data-widget_type=\"text-editor.default\">\n\t\t\t\t<div class=\"elementor-widget-container\">\n\t\t\t\t\t\t\t\t\t<p>\"Shake Your Luck!\" Is about finding luck in life. While everything goes amiss in your own life, others seem to be lucky all the time. One starts to doubt oneself and adapts more and more to reach the same as others.<span class=\"Apple-converted-space\">\u00a0<\/span><\/p><p>But are the others really that happy as they seem to be? Or are we all sad losers of a big system at the end?<\/p><p>Dora is jealous of Penelope, who is her seat neighbour at the casino and winning all the time, while Dora is losing over and over again. Will she find her luck, if she imitates Penelope?<\/p>\t\t\t\t\t\t\t\t<\/div>\n\t\t\t\t<\/div>\n\t\t\t\t\t<\/div>\n\t\t\t\t<\/div>\n\t\t<div class=\"elementor-element elementor-element-8b74f10 e-flex e-con-boxed e-con e-child\" data-id=\"8b74f10\" data-element_type=\"container\" data-e-type=\"container\">\n\t\t\t\t\t<div class=\"e-con-inner\">\n\t\t\t\t<div class=\"elementor-element elementor-element-b4f9a38 elementor-widget elementor-widget-text-editor\" data-id=\"b4f9a38\" data-element_type=\"widget\" data-e-type=\"widget\" data-widget_type=\"text-editor.default\">\n\t\t\t\t<div class=\"elementor-widget-container\">\n\t\t\t\t\t\t\t\t\t<p>Team project with Yerim Choi and Amalia Kasdepke, starring Sabrina Winnecke, 2. semester, 2023<\/p>\t\t\t\t\t\t\t\t<\/div>\n\t\t\t\t<\/div>\n\t\t\t\t\t<\/div>\n\t\t\t\t<\/div>\n\t\t\t\t<\/div>\n\t\t\t\t\t<\/div>\n\t\t\t\t<\/div>\n\t\t\t\t<\/div>","protected":false},"excerpt":{"rendered":"<p>Sch\u00fcttel dein Gl\u00fcck! Das Leben ist ungerecht. In \u201eSch\u00fcttel dein Gl\u00fcck!\u201c geht es um das Gl\u00fcck im Leben. W\u00e4hrend im eigenen Leben alles schief l\u00e4uft, scheinen andere st\u00e4ndig in allem Gl\u00fcck zu haben. Man beginnt an sich zu zweifeln und verbiegt sich immer mehr, um das Gleiche zu erreichen wie andere.\u00a0 Doch sind die anderen [&hellip;]<\/p>\n","protected":false},"author":1,"featured_media":0,"parent":0,"menu_order":0,"comment_status":"closed","ping_status":"closed","template":"","meta":{"footnotes":""},"class_list":["post-726","page","type-page","status-publish","hentry"],"_links":{"self":[{"href":"https:\/\/lenabreidenbach.de\/en\/wp-json\/wp\/v2\/pages\/726","targetHints":{"allow":["GET"]}}],"collection":[{"href":"https:\/\/lenabreidenbach.de\/en\/wp-json\/wp\/v2\/pages"}],"about":[{"href":"https:\/\/lenabreidenbach.de\/en\/wp-json\/wp\/v2\/types\/page"}],"author":[{"embeddable":true,"href":"https:\/\/lenabreidenbach.de\/en\/wp-json\/wp\/v2\/users\/1"}],"replies":[{"embeddable":true,"href":"https:\/\/lenabreidenbach.de\/en\/wp-json\/wp\/v2\/comments?post=726"}],"version-history":[{"count":91,"href":"https:\/\/lenabreidenbach.de\/en\/wp-json\/wp\/v2\/pages\/726\/revisions"}],"predecessor-version":[{"id":2946,"href":"https:\/\/lenabreidenbach.de\/en\/wp-json\/wp\/v2\/pages\/726\/revisions\/2946"}],"wp:attachment":[{"href":"https:\/\/lenabreidenbach.de\/en\/wp-json\/wp\/v2\/media?parent=726"}],"curies":[{"name":"wp","href":"https:\/\/api.w.org\/{rel}","templated":true}]}}