{"id":3144,"date":"2025-10-02T17:20:05","date_gmt":"2025-10-02T17:20:05","guid":{"rendered":"https:\/\/lenabreidenbach.de\/?page_id=3144"},"modified":"2025-11-11T14:33:18","modified_gmt":"2025-11-11T14:33:18","slug":"familiensache","status":"publish","type":"page","link":"https:\/\/lenabreidenbach.de\/en\/familiensache\/","title":{"rendered":"Family Matters"},"content":{"rendered":"<div data-elementor-type=\"wp-page\" data-elementor-id=\"3144\" class=\"elementor elementor-3144\">\n\t\t\t\t<div class=\"elementor-element elementor-element-21686c6 e-flex e-con-boxed e-con e-parent\" data-id=\"21686c6\" data-element_type=\"container\" data-e-type=\"container\">\n\t\t\t\t\t<div class=\"e-con-inner\">\n\t\t<div class=\"elementor-element elementor-element-4b0bcf5 e-con-full e-flex e-con e-child\" data-id=\"4b0bcf5\" data-element_type=\"container\" data-e-type=\"container\">\n\t\t<div class=\"elementor-element elementor-element-d1ce84d e-con-full e-flex e-con e-child\" data-id=\"d1ce84d\" data-element_type=\"container\" data-e-type=\"container\">\n\t\t<div class=\"elementor-element elementor-element-d019bce e-con-full e-flex e-con e-child\" data-id=\"d019bce\" data-element_type=\"container\" data-e-type=\"container\">\n\t\t\t\t<div class=\"elementor-element elementor-element-723748f elementor-widget elementor-widget-image\" data-id=\"723748f\" data-element_type=\"widget\" data-e-type=\"widget\" data-widget_type=\"image.default\">\n\t\t\t\t<div class=\"elementor-widget-container\">\n\t\t\t\t\t\t\t\t\t\t\t\t\t\t\t<img fetchpriority=\"high\" decoding=\"async\" width=\"800\" height=\"600\" src=\"https:\/\/lenabreidenbach.de\/wp-content\/uploads\/2025\/10\/familiensache_projektbilder_web-08-1024x768.jpg\" class=\"attachment-large size-large wp-image-3174\" alt=\"\" srcset=\"https:\/\/lenabreidenbach.de\/wp-content\/uploads\/2025\/10\/familiensache_projektbilder_web-08-1024x768.jpg 1024w, https:\/\/lenabreidenbach.de\/wp-content\/uploads\/2025\/10\/familiensache_projektbilder_web-08-300x225.jpg 300w, https:\/\/lenabreidenbach.de\/wp-content\/uploads\/2025\/10\/familiensache_projektbilder_web-08-768x576.jpg 768w, https:\/\/lenabreidenbach.de\/wp-content\/uploads\/2025\/10\/familiensache_projektbilder_web-08-1536x1152.jpg 1536w, https:\/\/lenabreidenbach.de\/wp-content\/uploads\/2025\/10\/familiensache_projektbilder_web-08-16x12.jpg 16w, https:\/\/lenabreidenbach.de\/wp-content\/uploads\/2025\/10\/familiensache_projektbilder_web-08.jpg 1600w\" sizes=\"(max-width: 800px) 100vw, 800px\" \/>\t\t\t\t\t\t\t\t\t\t\t\t\t\t\t<\/div>\n\t\t\t\t<\/div>\n\t\t\t\t<\/div>\n\t\t\t\t<div class=\"elementor-element elementor-element-ed86eb8 elementor-widget elementor-widget-image\" data-id=\"ed86eb8\" data-element_type=\"widget\" data-e-type=\"widget\" data-widget_type=\"image.default\">\n\t\t\t\t<div class=\"elementor-widget-container\">\n\t\t\t\t\t\t\t\t\t\t\t\t\t\t\t<img decoding=\"async\" width=\"800\" height=\"450\" src=\"https:\/\/lenabreidenbach.de\/wp-content\/uploads\/2025\/10\/familiensache_projektbilder_web-30-1024x576.jpg\" class=\"attachment-large size-large wp-image-3152\" alt=\"\" srcset=\"https:\/\/lenabreidenbach.de\/wp-content\/uploads\/2025\/10\/familiensache_projektbilder_web-30-1024x576.jpg 1024w, https:\/\/lenabreidenbach.de\/wp-content\/uploads\/2025\/10\/familiensache_projektbilder_web-30-300x169.jpg 300w, https:\/\/lenabreidenbach.de\/wp-content\/uploads\/2025\/10\/familiensache_projektbilder_web-30-768x432.jpg 768w, https:\/\/lenabreidenbach.de\/wp-content\/uploads\/2025\/10\/familiensache_projektbilder_web-30-1536x864.jpg 1536w, https:\/\/lenabreidenbach.de\/wp-content\/uploads\/2025\/10\/familiensache_projektbilder_web-30-18x10.jpg 18w, https:\/\/lenabreidenbach.de\/wp-content\/uploads\/2025\/10\/familiensache_projektbilder_web-30.jpg 1800w\" sizes=\"(max-width: 800px) 100vw, 800px\" \/>\t\t\t\t\t\t\t\t\t\t\t\t\t\t\t<\/div>\n\t\t\t\t<\/div>\n\t\t\t\t<\/div>\n\t\t<div class=\"elementor-element elementor-element-6b6fd3c e-flex e-con-boxed e-con e-child\" data-id=\"6b6fd3c\" data-element_type=\"container\" data-e-type=\"container\">\n\t\t\t\t\t<div class=\"e-con-inner\">\n\t\t<div class=\"elementor-element elementor-element-9ca4937 e-flex e-con-boxed e-con e-child\" data-id=\"9ca4937\" data-element_type=\"container\" data-e-type=\"container\">\n\t\t\t\t\t<div class=\"e-con-inner\">\n\t\t\t\t<div class=\"elementor-element elementor-element-046637f elementor-widget elementor-widget-image\" data-id=\"046637f\" data-element_type=\"widget\" data-e-type=\"widget\" data-widget_type=\"image.default\">\n\t\t\t\t<div class=\"elementor-widget-container\">\n\t\t\t\t\t\t\t\t\t\t\t\t\t\t\t<img decoding=\"async\" width=\"800\" height=\"600\" src=\"https:\/\/lenabreidenbach.de\/wp-content\/uploads\/2025\/10\/familiensache_projektbilder_web-25-1024x768.jpg\" class=\"attachment-large size-large wp-image-3157\" alt=\"\" srcset=\"https:\/\/lenabreidenbach.de\/wp-content\/uploads\/2025\/10\/familiensache_projektbilder_web-25-1024x768.jpg 1024w, https:\/\/lenabreidenbach.de\/wp-content\/uploads\/2025\/10\/familiensache_projektbilder_web-25-300x225.jpg 300w, https:\/\/lenabreidenbach.de\/wp-content\/uploads\/2025\/10\/familiensache_projektbilder_web-25-768x576.jpg 768w, https:\/\/lenabreidenbach.de\/wp-content\/uploads\/2025\/10\/familiensache_projektbilder_web-25-1536x1152.jpg 1536w, https:\/\/lenabreidenbach.de\/wp-content\/uploads\/2025\/10\/familiensache_projektbilder_web-25-16x12.jpg 16w, https:\/\/lenabreidenbach.de\/wp-content\/uploads\/2025\/10\/familiensache_projektbilder_web-25.jpg 1600w\" sizes=\"(max-width: 800px) 100vw, 800px\" \/>\t\t\t\t\t\t\t\t\t\t\t\t\t\t\t<\/div>\n\t\t\t\t<\/div>\n\t\t\t\t\t<\/div>\n\t\t\t\t<\/div>\n\t\t<div class=\"elementor-element elementor-element-ef41718 e-flex e-con-boxed e-con e-child\" data-id=\"ef41718\" data-element_type=\"container\" data-e-type=\"container\">\n\t\t\t\t\t<div class=\"e-con-inner\">\n\t\t\t\t<div class=\"elementor-element elementor-element-025cf53 elementor-widget elementor-widget-image\" data-id=\"025cf53\" data-element_type=\"widget\" data-e-type=\"widget\" data-widget_type=\"image.default\">\n\t\t\t\t<div class=\"elementor-widget-container\">\n\t\t\t\t\t\t\t\t\t\t\t\t\t\t\t<img loading=\"lazy\" decoding=\"async\" width=\"800\" height=\"523\" src=\"https:\/\/lenabreidenbach.de\/wp-content\/uploads\/2025\/10\/familiensache_projektbilder_web-15-1024x669.jpg\" class=\"attachment-large size-large wp-image-3167\" alt=\"\" srcset=\"https:\/\/lenabreidenbach.de\/wp-content\/uploads\/2025\/10\/familiensache_projektbilder_web-15-1024x669.jpg 1024w, https:\/\/lenabreidenbach.de\/wp-content\/uploads\/2025\/10\/familiensache_projektbilder_web-15-300x196.jpg 300w, https:\/\/lenabreidenbach.de\/wp-content\/uploads\/2025\/10\/familiensache_projektbilder_web-15-768x502.jpg 768w, https:\/\/lenabreidenbach.de\/wp-content\/uploads\/2025\/10\/familiensache_projektbilder_web-15-1536x1003.jpg 1536w, https:\/\/lenabreidenbach.de\/wp-content\/uploads\/2025\/10\/familiensache_projektbilder_web-15-18x12.jpg 18w, https:\/\/lenabreidenbach.de\/wp-content\/uploads\/2025\/10\/familiensache_projektbilder_web-15.jpg 1600w\" sizes=\"(max-width: 800px) 100vw, 800px\" \/>\t\t\t\t\t\t\t\t\t\t\t\t\t\t\t<\/div>\n\t\t\t\t<\/div>\n\t\t\t\t\t<\/div>\n\t\t\t\t<\/div>\n\t\t\t\t\t<\/div>\n\t\t\t\t<\/div>\n\t\t<div class=\"elementor-element elementor-element-e810edd e-con-full e-flex e-con e-child\" data-id=\"e810edd\" data-element_type=\"container\" data-e-type=\"container\">\n\t\t\t\t<div class=\"elementor-element elementor-element-890b4ee elementor-arrows-position-inside elementor-pagination-position-outside elementor-widget elementor-widget-image-carousel\" data-id=\"890b4ee\" data-element_type=\"widget\" data-e-type=\"widget\" data-settings=\"{&quot;slides_to_show&quot;:&quot;1&quot;,&quot;navigation&quot;:&quot;both&quot;,&quot;autoplay&quot;:&quot;yes&quot;,&quot;pause_on_hover&quot;:&quot;yes&quot;,&quot;pause_on_interaction&quot;:&quot;yes&quot;,&quot;autoplay_speed&quot;:5000,&quot;infinite&quot;:&quot;yes&quot;,&quot;effect&quot;:&quot;slide&quot;,&quot;speed&quot;:500}\" data-widget_type=\"image-carousel.default\">\n\t\t\t\t<div class=\"elementor-widget-container\">\n\t\t\t\t\t\t\t<div class=\"elementor-image-carousel-wrapper swiper\" role=\"region\" aria-roledescription=\"carousel\" aria-label=\"Bild Karussell\" dir=\"ltr\">\n\t\t\t<div class=\"elementor-image-carousel swiper-wrapper\" aria-live=\"off\">\n\t\t\t\t\t\t\t\t<div class=\"swiper-slide\" role=\"group\" aria-roledescription=\"slide\" aria-label=\"1 von 16\"><figure class=\"swiper-slide-inner\"><img decoding=\"async\" class=\"swiper-slide-image\" src=\"https:\/\/lenabreidenbach.de\/wp-content\/uploads\/2025\/10\/familiensache_projektbilder_web-24-1024x768.jpg\" alt=\"250719_fg_kinderausstellung_ansicht_eingang_v1\" \/><\/figure><\/div><div class=\"swiper-slide\" role=\"group\" aria-roledescription=\"slide\" aria-label=\"2 von 16\"><figure class=\"swiper-slide-inner\"><img decoding=\"async\" class=\"swiper-slide-image\" src=\"https:\/\/lenabreidenbach.de\/wp-content\/uploads\/2025\/10\/familiensache_projektbilder_web-23-1024x768.jpg\" alt=\"250719_fg_kinderausstellung_ansicht_villa_vielfalt\" \/><\/figure><\/div><div class=\"swiper-slide\" role=\"group\" aria-roledescription=\"slide\" aria-label=\"3 von 16\"><figure class=\"swiper-slide-inner\"><img decoding=\"async\" class=\"swiper-slide-image\" src=\"https:\/\/lenabreidenbach.de\/wp-content\/uploads\/2025\/10\/familiensache_projektbilder_web-25-1024x768.jpg\" alt=\"250719_fg_kinderausstellung_ansicht_schneckenhaus_v1\" \/><\/figure><\/div><div class=\"swiper-slide\" role=\"group\" aria-roledescription=\"slide\" aria-label=\"4 von 16\"><figure class=\"swiper-slide-inner\"><img decoding=\"async\" class=\"swiper-slide-image\" src=\"https:\/\/lenabreidenbach.de\/wp-content\/uploads\/2025\/10\/familiensache_projektbilder_web-22-1024x768.jpg\" alt=\"250719_fg_kinderausstellung_ansicht_apothekenregal\" \/><\/figure><\/div><div class=\"swiper-slide\" role=\"group\" aria-roledescription=\"slide\" aria-label=\"5 von 16\"><figure class=\"swiper-slide-inner\"><img decoding=\"async\" class=\"swiper-slide-image\" src=\"https:\/\/lenabreidenbach.de\/wp-content\/uploads\/2025\/10\/familiensache_projektbilder_web-02-1024x768.jpg\" alt=\"familiensache_projektbilder_web-02\" \/><\/figure><\/div><div class=\"swiper-slide\" role=\"group\" aria-roledescription=\"slide\" aria-label=\"6 von 16\"><figure class=\"swiper-slide-inner\"><img decoding=\"async\" class=\"swiper-slide-image\" src=\"https:\/\/lenabreidenbach.de\/wp-content\/uploads\/2025\/10\/familiensache_projektbilder_web-21-1024x768.jpg\" alt=\"250719_fg_kinderausstellung_ansicht_schublade\" \/><\/figure><\/div><div class=\"swiper-slide\" role=\"group\" aria-roledescription=\"slide\" aria-label=\"7 von 16\"><figure class=\"swiper-slide-inner\"><img decoding=\"async\" class=\"swiper-slide-image\" src=\"https:\/\/lenabreidenbach.de\/wp-content\/uploads\/2025\/10\/familiensache_projektbilder_web-03-1024x768.jpg\" alt=\"familiensache_projektbilder_web-03\" \/><\/figure><\/div><div class=\"swiper-slide\" role=\"group\" aria-roledescription=\"slide\" aria-label=\"8 von 16\"><figure class=\"swiper-slide-inner\"><img decoding=\"async\" class=\"swiper-slide-image\" src=\"https:\/\/lenabreidenbach.de\/wp-content\/uploads\/2025\/10\/familiensache_projektbilder_web-20-1024x768.jpg\" alt=\"250719_fg_kinderausstellung_ansicht_gefuehlekueche\" \/><\/figure><\/div><div class=\"swiper-slide\" role=\"group\" aria-roledescription=\"slide\" aria-label=\"9 von 16\"><figure class=\"swiper-slide-inner\"><img decoding=\"async\" class=\"swiper-slide-image\" src=\"https:\/\/lenabreidenbach.de\/wp-content\/uploads\/2025\/10\/familiensache_projektbilder_web-04-1024x768.jpg\" alt=\"familiensache_projektbilder_web-04\" \/><\/figure><\/div><div class=\"swiper-slide\" role=\"group\" aria-roledescription=\"slide\" aria-label=\"10 von 16\"><figure class=\"swiper-slide-inner\"><img decoding=\"async\" class=\"swiper-slide-image\" src=\"https:\/\/lenabreidenbach.de\/wp-content\/uploads\/2025\/10\/familiensache_projektbilder_web-01-1024x768.jpg\" alt=\"familiensache_projektbilder_web-01\" \/><\/figure><\/div><div class=\"swiper-slide\" role=\"group\" aria-roledescription=\"slide\" aria-label=\"11 von 16\"><figure class=\"swiper-slide-inner\"><img decoding=\"async\" class=\"swiper-slide-image\" src=\"https:\/\/lenabreidenbach.de\/wp-content\/uploads\/2025\/10\/familiensache_projektbilder_web-16-1024x768.jpg\" alt=\"250719_fg_kinderausstellung_ansicht_wetterstation_v1\" \/><\/figure><\/div><div class=\"swiper-slide\" role=\"group\" aria-roledescription=\"slide\" aria-label=\"12 von 16\"><figure class=\"swiper-slide-inner\"><img decoding=\"async\" class=\"swiper-slide-image\" src=\"https:\/\/lenabreidenbach.de\/wp-content\/uploads\/2025\/10\/familiensache_projektbilder_web-17-1024x768.jpg\" alt=\"250719_fg_kinderausstellung_ansicht_wetterstation_v1\" \/><\/figure><\/div><div class=\"swiper-slide\" role=\"group\" aria-roledescription=\"slide\" aria-label=\"13 von 16\"><figure class=\"swiper-slide-inner\"><img decoding=\"async\" class=\"swiper-slide-image\" src=\"https:\/\/lenabreidenbach.de\/wp-content\/uploads\/2025\/10\/familiensache_projektbilder_web-26-1024x768.jpg\" alt=\"250719_fg_kinderausstellung_ansicht_wetterstation_v3\" \/><\/figure><\/div><div class=\"swiper-slide\" role=\"group\" aria-roledescription=\"slide\" aria-label=\"14 von 16\"><figure class=\"swiper-slide-inner\"><img decoding=\"async\" class=\"swiper-slide-image\" src=\"https:\/\/lenabreidenbach.de\/wp-content\/uploads\/2025\/10\/familiensache_projektbilder_web-06-1024x768.jpg\" alt=\"familiensache_projektbilder_web-06\" \/><\/figure><\/div><div class=\"swiper-slide\" role=\"group\" aria-roledescription=\"slide\" aria-label=\"15 von 16\"><figure class=\"swiper-slide-inner\"><img decoding=\"async\" class=\"swiper-slide-image\" src=\"https:\/\/lenabreidenbach.de\/wp-content\/uploads\/2025\/10\/familiensache_projektbilder_web-29-1024x768.jpg\" alt=\"250719_fg_kinderausstellung_ansicht_token_aktion\" \/><\/figure><\/div><div class=\"swiper-slide\" role=\"group\" aria-roledescription=\"slide\" aria-label=\"16 von 16\"><figure class=\"swiper-slide-inner\"><img decoding=\"async\" class=\"swiper-slide-image\" src=\"https:\/\/lenabreidenbach.de\/wp-content\/uploads\/2025\/10\/familiensache_projektbilder_web-28-1024x768.jpg\" alt=\"250719_fg_kinderausstellung_ansicht_token_ausgabe\" \/><\/figure><\/div>\t\t\t<\/div>\n\t\t\t\t\t\t\t\t\t\t\t\t<div class=\"elementor-swiper-button elementor-swiper-button-prev\" role=\"button\" tabindex=\"0\">\n\t\t\t\t\t\t<svg aria-hidden=\"true\" class=\"e-font-icon-svg e-eicon-chevron-left\" viewbox=\"0 0 1000 1000\" xmlns=\"http:\/\/www.w3.org\/2000\/svg\"><path d=\"M646 125C629 125 613 133 604 142L308 442C296 454 292 471 292 487 292 504 296 521 308 533L604 854C617 867 629 875 646 875 663 875 679 871 692 858 704 846 713 829 713 812 713 796 708 779 692 767L438 487 692 225C700 217 708 204 708 187 708 171 704 154 692 142 675 129 663 125 646 125Z\"><\/path><\/svg>\t\t\t\t\t<\/div>\n\t\t\t\t\t<div class=\"elementor-swiper-button elementor-swiper-button-next\" role=\"button\" tabindex=\"0\">\n\t\t\t\t\t\t<svg aria-hidden=\"true\" class=\"e-font-icon-svg e-eicon-chevron-right\" viewbox=\"0 0 1000 1000\" xmlns=\"http:\/\/www.w3.org\/2000\/svg\"><path d=\"M696 533C708 521 713 504 713 487 713 471 708 454 696 446L400 146C388 133 375 125 354 125 338 125 325 129 313 142 300 154 292 171 292 187 292 204 296 221 308 233L563 492 304 771C292 783 288 800 288 817 288 833 296 850 308 863 321 871 338 875 354 875 371 875 388 867 400 854L696 533Z\"><\/path><\/svg>\t\t\t\t\t<\/div>\n\t\t\t\t\n\t\t\t\t\t\t\t\t\t<div class=\"swiper-pagination\"><\/div>\n\t\t\t\t\t\t\t\t\t<\/div>\n\t\t\t\t\t\t<\/div>\n\t\t\t\t<\/div>\n\t\t\t\t<\/div>\n\t\t<div class=\"elementor-element elementor-element-4675616 e-con-full e-flex e-con e-child\" data-id=\"4675616\" data-element_type=\"container\" data-e-type=\"container\">\n\t\t<div class=\"elementor-element elementor-element-43d1fd9 e-flex e-con-boxed e-con e-child\" data-id=\"43d1fd9\" data-element_type=\"container\" data-e-type=\"container\">\n\t\t\t\t\t<div class=\"e-con-inner\">\n\t\t\t\t<div class=\"elementor-element elementor-element-c957079 elementor-arrows-position-inside elementor-pagination-position-outside elementor-widget elementor-widget-image-carousel\" data-id=\"c957079\" data-element_type=\"widget\" data-e-type=\"widget\" data-settings=\"{&quot;slides_to_show&quot;:&quot;1&quot;,&quot;navigation&quot;:&quot;both&quot;,&quot;autoplay&quot;:&quot;yes&quot;,&quot;pause_on_hover&quot;:&quot;yes&quot;,&quot;pause_on_interaction&quot;:&quot;yes&quot;,&quot;autoplay_speed&quot;:5000,&quot;infinite&quot;:&quot;yes&quot;,&quot;effect&quot;:&quot;slide&quot;,&quot;speed&quot;:500}\" data-widget_type=\"image-carousel.default\">\n\t\t\t\t<div class=\"elementor-widget-container\">\n\t\t\t\t\t\t\t<div class=\"elementor-image-carousel-wrapper swiper\" role=\"region\" aria-roledescription=\"carousel\" aria-label=\"Bild Karussell\" dir=\"ltr\">\n\t\t\t<div class=\"elementor-image-carousel swiper-wrapper\" aria-live=\"off\">\n\t\t\t\t\t\t\t\t<div class=\"swiper-slide\" role=\"group\" aria-roledescription=\"slide\" aria-label=\"1 von 6\"><figure class=\"swiper-slide-inner\"><img decoding=\"async\" class=\"swiper-slide-image\" src=\"https:\/\/lenabreidenbach.de\/wp-content\/uploads\/2025\/10\/familiensache_projektbilder_web-09.jpg\" alt=\"familiensache_projektbilder_web-09\" \/><\/figure><\/div><div class=\"swiper-slide\" role=\"group\" aria-roledescription=\"slide\" aria-label=\"2 von 6\"><figure class=\"swiper-slide-inner\"><img decoding=\"async\" class=\"swiper-slide-image\" src=\"https:\/\/lenabreidenbach.de\/wp-content\/uploads\/2025\/10\/familiensache_projektbilder_web-10.jpg\" alt=\"familiensache_projektbilder_web-10\" \/><\/figure><\/div><div class=\"swiper-slide\" role=\"group\" aria-roledescription=\"slide\" aria-label=\"3 von 6\"><figure class=\"swiper-slide-inner\"><img decoding=\"async\" class=\"swiper-slide-image\" src=\"https:\/\/lenabreidenbach.de\/wp-content\/uploads\/2025\/10\/familiensache_projektbilder_web-11.jpg\" alt=\"familiensache_projektbilder_web-11\" \/><\/figure><\/div><div class=\"swiper-slide\" role=\"group\" aria-roledescription=\"slide\" aria-label=\"4 von 6\"><figure class=\"swiper-slide-inner\"><img decoding=\"async\" class=\"swiper-slide-image\" src=\"https:\/\/lenabreidenbach.de\/wp-content\/uploads\/2025\/10\/familiensache_projektbilder_web-12.jpg\" alt=\"familiensache_projektbilder_web-12\" \/><\/figure><\/div><div class=\"swiper-slide\" role=\"group\" aria-roledescription=\"slide\" aria-label=\"5 von 6\"><figure class=\"swiper-slide-inner\"><img decoding=\"async\" class=\"swiper-slide-image\" src=\"https:\/\/lenabreidenbach.de\/wp-content\/uploads\/2025\/10\/familiensache_projektbilder_web-13.jpg\" alt=\"familiensache_projektbilder_web-13\" \/><\/figure><\/div><div class=\"swiper-slide\" role=\"group\" aria-roledescription=\"slide\" aria-label=\"6 von 6\"><figure class=\"swiper-slide-inner\"><img decoding=\"async\" class=\"swiper-slide-image\" src=\"https:\/\/lenabreidenbach.de\/wp-content\/uploads\/2025\/10\/familiensache_projektbilder_web-07.jpg\" alt=\"familiensache_projektbilder_web-07\" \/><\/figure><\/div>\t\t\t<\/div>\n\t\t\t\t\t\t\t\t\t\t\t\t<div class=\"elementor-swiper-button elementor-swiper-button-prev\" role=\"button\" tabindex=\"0\">\n\t\t\t\t\t\t<svg aria-hidden=\"true\" class=\"e-font-icon-svg e-eicon-chevron-left\" viewbox=\"0 0 1000 1000\" xmlns=\"http:\/\/www.w3.org\/2000\/svg\"><path d=\"M646 125C629 125 613 133 604 142L308 442C296 454 292 471 292 487 292 504 296 521 308 533L604 854C617 867 629 875 646 875 663 875 679 871 692 858 704 846 713 829 713 812 713 796 708 779 692 767L438 487 692 225C700 217 708 204 708 187 708 171 704 154 692 142 675 129 663 125 646 125Z\"><\/path><\/svg>\t\t\t\t\t<\/div>\n\t\t\t\t\t<div class=\"elementor-swiper-button elementor-swiper-button-next\" role=\"button\" tabindex=\"0\">\n\t\t\t\t\t\t<svg aria-hidden=\"true\" class=\"e-font-icon-svg e-eicon-chevron-right\" viewbox=\"0 0 1000 1000\" xmlns=\"http:\/\/www.w3.org\/2000\/svg\"><path d=\"M696 533C708 521 713 504 713 487 713 471 708 454 696 446L400 146C388 133 375 125 354 125 338 125 325 129 313 142 300 154 292 171 292 187 292 204 296 221 308 233L563 492 304 771C292 783 288 800 288 817 288 833 296 850 308 863 321 871 338 875 354 875 371 875 388 867 400 854L696 533Z\"><\/path><\/svg>\t\t\t\t\t<\/div>\n\t\t\t\t\n\t\t\t\t\t\t\t\t\t<div class=\"swiper-pagination\"><\/div>\n\t\t\t\t\t\t\t\t\t<\/div>\n\t\t\t\t\t\t<\/div>\n\t\t\t\t<\/div>\n\t\t\t\t\t<\/div>\n\t\t\t\t<\/div>\n\t\t<div class=\"elementor-element elementor-element-e6d588f e-flex e-con-boxed e-con e-child\" data-id=\"e6d588f\" data-element_type=\"container\" data-e-type=\"container\">\n\t\t\t\t\t<div class=\"e-con-inner\">\n\t\t\t\t\t<\/div>\n\t\t\t\t<\/div>\n\t\t\t\t<\/div>\n\t\t\t\t<\/div>\n\t\t<div class=\"elementor-element elementor-element-aeda51e e-con-full e-flex e-con e-child\" data-id=\"aeda51e\" data-element_type=\"container\" data-e-type=\"container\">\n\t\t<div class=\"elementor-element elementor-element-7fa1b72 e-flex e-con-boxed e-con e-child\" data-id=\"7fa1b72\" data-element_type=\"container\" data-e-type=\"container\">\n\t\t\t\t\t<div class=\"e-con-inner\">\n\t\t\t\t<div class=\"elementor-element elementor-element-dbec6c3 elementor-widget elementor-widget-text-editor\" data-id=\"dbec6c3\" data-element_type=\"widget\" data-e-type=\"widget\" data-widget_type=\"text-editor.default\">\n\t\t\t\t<div class=\"elementor-widget-container\">\n\t\t\t\t\t\t\t\t\t<p>Family Matters<\/p>\t\t\t\t\t\t\t\t<\/div>\n\t\t\t\t<\/div>\n\t\t\t\t\t<\/div>\n\t\t\t\t<\/div>\n\t\t<div class=\"elementor-element elementor-element-2d37a81 e-flex e-con-boxed e-con e-child\" data-id=\"2d37a81\" data-element_type=\"container\" data-e-type=\"container\">\n\t\t\t\t\t<div class=\"e-con-inner\">\n\t\t\t\t<div class=\"elementor-element elementor-element-370e90f elementor-widget elementor-widget-text-editor\" data-id=\"370e90f\" data-element_type=\"widget\" data-e-type=\"widget\" data-widget_type=\"text-editor.default\">\n\t\t\t\t<div class=\"elementor-widget-container\">\n\t\t\t\t\t\t\t\t\t<p>Welcome to Family Town!<\/p>\t\t\t\t\t\t\t\t<\/div>\n\t\t\t\t<\/div>\n\t\t\t\t\t<\/div>\n\t\t\t\t<\/div>\n\t\t<div class=\"elementor-element elementor-element-1142983 e-flex e-con-boxed e-con e-child\" data-id=\"1142983\" data-element_type=\"container\" data-e-type=\"container\">\n\t\t\t\t\t<div class=\"e-con-inner\">\n\t\t\t\t<div class=\"elementor-element elementor-element-7bc17ac elementor-widget elementor-widget-text-editor\" data-id=\"7bc17ac\" data-element_type=\"widget\" data-e-type=\"widget\" data-widget_type=\"text-editor.default\">\n\t\t\t\t<div class=\"elementor-widget-container\">\n\t\t\t\t\t\t\t\t\t<p>Family concerns us all \u2013 but for children it is the very center of their lives.\u2028This is where they grow up, where they are raised and shaped. In primary school, children begin to compare themselves with others. Family circumstances play a big role here, since in one class very different family contexts come together \u2013 sparking questions and sometimes even prejudices.<\/p><p>Familiensache ist ein Ausstellungskonzept, das Kinder im Grundschulalter genau an diesem Punkt abholt. Die Kinder betreten ein fantasievolles Dorf, das zum Selbsterkunden und Auseinandersetzen einl\u00e4dt. Ganz frei, spielerisch und partizipativ. Dabei entscheidet jedes Kind selbst, womit es sich besch\u00e4ftigen m\u00f6chte. Die Ausstellungsgestaltung ist in Gr\u00f6\u00dfe, Vermittlung und \u00c4sthetik genau f\u00fcr Kinder gemacht.<\/p><p>Through an entrance gate, young and adult visitors alike step into the village. Here, they are introduced to the topic and receive a token: their own front door key, which will accompany them through the exhibition as an interactive tool. Six different houses open up into unique visual and thematic worlds. At the center, the village square invites everyone to rest and exchange ideas.<\/p>\t\t\t\t\t\t\t\t<\/div>\n\t\t\t\t<\/div>\n\t\t\t\t\t<\/div>\n\t\t\t\t<\/div>\n\t\t<div class=\"elementor-element elementor-element-ae8a6ac e-flex e-con-boxed e-con e-child\" data-id=\"ae8a6ac\" data-element_type=\"container\" data-e-type=\"container\">\n\t\t\t\t\t<div class=\"e-con-inner\">\n\t\t\t\t<div class=\"elementor-element elementor-element-44ddf6b elementor-widget elementor-widget-text-editor\" data-id=\"44ddf6b\" data-element_type=\"widget\" data-e-type=\"widget\" data-widget_type=\"text-editor.default\">\n\t\t\t\t<div class=\"elementor-widget-container\">\n\t\t\t\t\t\t\t\t\t<p>6. Semester, 2025<\/p>\t\t\t\t\t\t\t\t<\/div>\n\t\t\t\t<\/div>\n\t\t\t\t\t<\/div>\n\t\t\t\t<\/div>\n\t\t\t\t<\/div>\n\t\t\t\t\t<\/div>\n\t\t\t\t<\/div>\n\t\t\t\t<\/div>","protected":false},"excerpt":{"rendered":"<p>Familiensache Willkommen im Familiendorf! Familie betrifft uns alle \u2013 doch insbesondere f\u00fcr Kinder ist sie Dreh- und Angelpunkt. Hier werden sie gro\u00df, hier werden sie erzogen und gepr\u00e4gt. In der Grundschule beginnen Kinder, sich mit anderen zu vergleichen. Die Familienverh\u00e4ltnisse spielen dabe eine gro\u00dfe Rolle, denn in einer Klasse treffen unheimlich unterschiedliche Familienkontexte aufeinander, die [&hellip;]<\/p>\n","protected":false},"author":1,"featured_media":0,"parent":0,"menu_order":0,"comment_status":"closed","ping_status":"closed","template":"","meta":{"footnotes":""},"class_list":["post-3144","page","type-page","status-publish","hentry"],"_links":{"self":[{"href":"https:\/\/lenabreidenbach.de\/en\/wp-json\/wp\/v2\/pages\/3144","targetHints":{"allow":["GET"]}}],"collection":[{"href":"https:\/\/lenabreidenbach.de\/en\/wp-json\/wp\/v2\/pages"}],"about":[{"href":"https:\/\/lenabreidenbach.de\/en\/wp-json\/wp\/v2\/types\/page"}],"author":[{"embeddable":true,"href":"https:\/\/lenabreidenbach.de\/en\/wp-json\/wp\/v2\/users\/1"}],"replies":[{"embeddable":true,"href":"https:\/\/lenabreidenbach.de\/en\/wp-json\/wp\/v2\/comments?post=3144"}],"version-history":[{"count":14,"href":"https:\/\/lenabreidenbach.de\/en\/wp-json\/wp\/v2\/pages\/3144\/revisions"}],"predecessor-version":[{"id":3269,"href":"https:\/\/lenabreidenbach.de\/en\/wp-json\/wp\/v2\/pages\/3144\/revisions\/3269"}],"wp:attachment":[{"href":"https:\/\/lenabreidenbach.de\/en\/wp-json\/wp\/v2\/media?parent=3144"}],"curies":[{"name":"wp","href":"https:\/\/api.w.org\/{rel}","templated":true}]}}