{"id":3057,"date":"2024-10-06T19:13:15","date_gmt":"2024-10-06T19:13:15","guid":{"rendered":"https:\/\/lenabreidenbach.de\/?page_id=3057"},"modified":"2024-10-06T19:49:46","modified_gmt":"2024-10-06T19:49:46","slug":"du-ich-maschine","status":"publish","type":"page","link":"https:\/\/lenabreidenbach.de\/en\/du-ich-maschine\/","title":{"rendered":"You &amp; Me, Machine"},"content":{"rendered":"<div data-elementor-type=\"wp-page\" data-elementor-id=\"3057\" class=\"elementor elementor-3057\">\n\t\t\t\t<div class=\"elementor-element elementor-element-85c3137 e-flex e-con-boxed e-con e-parent\" data-id=\"85c3137\" data-element_type=\"container\" data-e-type=\"container\">\n\t\t\t\t\t<div class=\"e-con-inner\">\n\t\t<div class=\"elementor-element elementor-element-b517c58 e-con-full e-flex e-con e-child\" data-id=\"b517c58\" data-element_type=\"container\" data-e-type=\"container\">\n\t\t<div class=\"elementor-element elementor-element-62ace6a e-con-full e-flex e-con e-child\" data-id=\"62ace6a\" data-element_type=\"container\" data-e-type=\"container\">\n\t\t\t\t<div class=\"elementor-element elementor-element-e8dadf8 elementor-widget elementor-widget-image\" data-id=\"e8dadf8\" data-element_type=\"widget\" data-e-type=\"widget\" data-widget_type=\"image.default\">\n\t\t\t\t<div class=\"elementor-widget-container\">\n\t\t\t\t\t\t\t\t\t\t\t\t\t\t\t<img fetchpriority=\"high\" decoding=\"async\" width=\"800\" height=\"534\" src=\"https:\/\/lenabreidenbach.de\/wp-content\/uploads\/2024\/10\/haende_video_stills-22-1024x683.jpg\" class=\"attachment-large size-large wp-image-3076\" alt=\"\" srcset=\"https:\/\/lenabreidenbach.de\/wp-content\/uploads\/2024\/10\/haende_video_stills-22-1024x683.jpg 1024w, https:\/\/lenabreidenbach.de\/wp-content\/uploads\/2024\/10\/haende_video_stills-22-300x200.jpg 300w, https:\/\/lenabreidenbach.de\/wp-content\/uploads\/2024\/10\/haende_video_stills-22-768x512.jpg 768w, https:\/\/lenabreidenbach.de\/wp-content\/uploads\/2024\/10\/haende_video_stills-22-18x12.jpg 18w, https:\/\/lenabreidenbach.de\/wp-content\/uploads\/2024\/10\/haende_video_stills-22.jpg 1500w\" sizes=\"(max-width: 800px) 100vw, 800px\" \/>\t\t\t\t\t\t\t\t\t\t\t\t\t\t\t<\/div>\n\t\t\t\t<\/div>\n\t\t\t\t<\/div>\n\t\t<div class=\"elementor-element elementor-element-8ca16e3 e-flex e-con-boxed e-con e-child\" data-id=\"8ca16e3\" data-element_type=\"container\" data-e-type=\"container\">\n\t\t\t\t\t<div class=\"e-con-inner\">\n\t\t<div class=\"elementor-element elementor-element-8a1df20 e-flex e-con-boxed e-con e-child\" data-id=\"8a1df20\" data-element_type=\"container\" data-e-type=\"container\">\n\t\t\t\t\t<div class=\"e-con-inner\">\n\t\t\t\t<div class=\"elementor-element elementor-element-dd5ef42 elementor-widget elementor-widget-image\" data-id=\"dd5ef42\" data-element_type=\"widget\" data-e-type=\"widget\" data-widget_type=\"image.default\">\n\t\t\t\t<div class=\"elementor-widget-container\">\n\t\t\t\t\t\t\t\t\t\t\t\t\t\t\t<img decoding=\"async\" width=\"683\" height=\"1024\" src=\"https:\/\/lenabreidenbach.de\/wp-content\/uploads\/2024\/10\/haende_video_stills-19-683x1024.jpg\" class=\"attachment-large size-large wp-image-3073\" alt=\"\" srcset=\"https:\/\/lenabreidenbach.de\/wp-content\/uploads\/2024\/10\/haende_video_stills-19-683x1024.jpg 683w, https:\/\/lenabreidenbach.de\/wp-content\/uploads\/2024\/10\/haende_video_stills-19-200x300.jpg 200w, https:\/\/lenabreidenbach.de\/wp-content\/uploads\/2024\/10\/haende_video_stills-19-768x1152.jpg 768w, https:\/\/lenabreidenbach.de\/wp-content\/uploads\/2024\/10\/haende_video_stills-19-8x12.jpg 8w, https:\/\/lenabreidenbach.de\/wp-content\/uploads\/2024\/10\/haende_video_stills-19.jpg 1000w\" sizes=\"(max-width: 683px) 100vw, 683px\" \/>\t\t\t\t\t\t\t\t\t\t\t\t\t\t\t<\/div>\n\t\t\t\t<\/div>\n\t\t\t\t\t<\/div>\n\t\t\t\t<\/div>\n\t\t<div class=\"elementor-element elementor-element-8df43cb e-flex e-con-boxed e-con e-child\" data-id=\"8df43cb\" data-element_type=\"container\" data-e-type=\"container\">\n\t\t\t\t\t<div class=\"e-con-inner\">\n\t\t\t\t<div class=\"elementor-element elementor-element-5fb3614 elementor-widget elementor-widget-image\" data-id=\"5fb3614\" data-element_type=\"widget\" data-e-type=\"widget\" data-widget_type=\"image.default\">\n\t\t\t\t<div class=\"elementor-widget-container\">\n\t\t\t\t\t\t\t\t\t\t\t\t\t\t\t<img decoding=\"async\" width=\"683\" height=\"1024\" src=\"https:\/\/lenabreidenbach.de\/wp-content\/uploads\/2024\/10\/haende_video_stills-21-683x1024.jpg\" class=\"attachment-large size-large wp-image-3075\" alt=\"\" srcset=\"https:\/\/lenabreidenbach.de\/wp-content\/uploads\/2024\/10\/haende_video_stills-21-683x1024.jpg 683w, https:\/\/lenabreidenbach.de\/wp-content\/uploads\/2024\/10\/haende_video_stills-21-200x300.jpg 200w, https:\/\/lenabreidenbach.de\/wp-content\/uploads\/2024\/10\/haende_video_stills-21-768x1152.jpg 768w, https:\/\/lenabreidenbach.de\/wp-content\/uploads\/2024\/10\/haende_video_stills-21-8x12.jpg 8w, https:\/\/lenabreidenbach.de\/wp-content\/uploads\/2024\/10\/haende_video_stills-21.jpg 1000w\" sizes=\"(max-width: 683px) 100vw, 683px\" \/>\t\t\t\t\t\t\t\t\t\t\t\t\t\t\t<\/div>\n\t\t\t\t<\/div>\n\t\t\t\t\t<\/div>\n\t\t\t\t<\/div>\n\t\t\t\t\t<\/div>\n\t\t\t\t<\/div>\n\t\t<div class=\"elementor-element elementor-element-b7b20d4 e-con-full e-flex e-con e-child\" data-id=\"b7b20d4\" data-element_type=\"container\" data-e-type=\"container\">\n\t\t\t\t<div class=\"elementor-element elementor-element-c5d7d1f elementor-arrows-position-inside elementor-pagination-position-outside elementor-widget elementor-widget-image-carousel\" data-id=\"c5d7d1f\" data-element_type=\"widget\" data-e-type=\"widget\" data-settings=\"{&quot;slides_to_show&quot;:&quot;1&quot;,&quot;navigation&quot;:&quot;both&quot;,&quot;autoplay&quot;:&quot;yes&quot;,&quot;pause_on_hover&quot;:&quot;yes&quot;,&quot;pause_on_interaction&quot;:&quot;yes&quot;,&quot;autoplay_speed&quot;:5000,&quot;infinite&quot;:&quot;yes&quot;,&quot;effect&quot;:&quot;slide&quot;,&quot;speed&quot;:500}\" data-widget_type=\"image-carousel.default\">\n\t\t\t\t<div class=\"elementor-widget-container\">\n\t\t\t\t\t\t\t<div class=\"elementor-image-carousel-wrapper swiper\" role=\"region\" aria-roledescription=\"carousel\" aria-label=\"Bild Karussell\" dir=\"ltr\">\n\t\t\t<div class=\"elementor-image-carousel swiper-wrapper\" aria-live=\"off\">\n\t\t\t\t\t\t\t\t<div class=\"swiper-slide\" role=\"group\" aria-roledescription=\"slide\" aria-label=\"1 von 8\"><figure class=\"swiper-slide-inner\"><img decoding=\"async\" class=\"swiper-slide-image\" src=\"https:\/\/lenabreidenbach.de\/wp-content\/uploads\/2024\/10\/haende_video_stills-18-1024x683.jpg\" alt=\"haende_video_stills-18\" \/><\/figure><\/div><div class=\"swiper-slide\" role=\"group\" aria-roledescription=\"slide\" aria-label=\"2 von 8\"><figure class=\"swiper-slide-inner\"><img decoding=\"async\" class=\"swiper-slide-image\" src=\"https:\/\/lenabreidenbach.de\/wp-content\/uploads\/2024\/10\/haende_video_stills-12-1024x683.jpg\" alt=\"haende_video_stills-12\" \/><\/figure><\/div><div class=\"swiper-slide\" role=\"group\" aria-roledescription=\"slide\" aria-label=\"3 von 8\"><figure class=\"swiper-slide-inner\"><img decoding=\"async\" class=\"swiper-slide-image\" src=\"https:\/\/lenabreidenbach.de\/wp-content\/uploads\/2024\/10\/haende_video_stills-11-1024x683.jpg\" alt=\"haende_video_stills-11\" \/><\/figure><\/div><div class=\"swiper-slide\" role=\"group\" aria-roledescription=\"slide\" aria-label=\"4 von 8\"><figure class=\"swiper-slide-inner\"><img decoding=\"async\" class=\"swiper-slide-image\" src=\"https:\/\/lenabreidenbach.de\/wp-content\/uploads\/2024\/10\/haende_video_stills-16-1024x683.jpg\" alt=\"haende_video_stills-16\" \/><\/figure><\/div><div class=\"swiper-slide\" role=\"group\" aria-roledescription=\"slide\" aria-label=\"5 von 8\"><figure class=\"swiper-slide-inner\"><img decoding=\"async\" class=\"swiper-slide-image\" src=\"https:\/\/lenabreidenbach.de\/wp-content\/uploads\/2024\/10\/haende_video_stills-17-1024x683.jpg\" alt=\"haende_video_stills-17\" \/><\/figure><\/div><div class=\"swiper-slide\" role=\"group\" aria-roledescription=\"slide\" aria-label=\"6 von 8\"><figure class=\"swiper-slide-inner\"><img decoding=\"async\" class=\"swiper-slide-image\" src=\"https:\/\/lenabreidenbach.de\/wp-content\/uploads\/2024\/10\/haende_video_stills-10-1024x683.jpg\" alt=\"haende_video_stills-10\" \/><\/figure><\/div><div class=\"swiper-slide\" role=\"group\" aria-roledescription=\"slide\" aria-label=\"7 von 8\"><figure class=\"swiper-slide-inner\"><img decoding=\"async\" class=\"swiper-slide-image\" src=\"https:\/\/lenabreidenbach.de\/wp-content\/uploads\/2024\/10\/haende_video_stills-08-1024x683.jpg\" alt=\"haende_video_stills-08\" \/><\/figure><\/div><div class=\"swiper-slide\" role=\"group\" aria-roledescription=\"slide\" aria-label=\"8 von 8\"><figure class=\"swiper-slide-inner\"><img decoding=\"async\" class=\"swiper-slide-image\" src=\"https:\/\/lenabreidenbach.de\/wp-content\/uploads\/2024\/10\/haende_video_stills-15-1024x683.jpg\" alt=\"haende_video_stills-15\" \/><\/figure><\/div>\t\t\t<\/div>\n\t\t\t\t\t\t\t\t\t\t\t\t<div class=\"elementor-swiper-button elementor-swiper-button-prev\" role=\"button\" tabindex=\"0\">\n\t\t\t\t\t\t<svg aria-hidden=\"true\" class=\"e-font-icon-svg e-eicon-chevron-left\" viewbox=\"0 0 1000 1000\" xmlns=\"http:\/\/www.w3.org\/2000\/svg\"><path d=\"M646 125C629 125 613 133 604 142L308 442C296 454 292 471 292 487 292 504 296 521 308 533L604 854C617 867 629 875 646 875 663 875 679 871 692 858 704 846 713 829 713 812 713 796 708 779 692 767L438 487 692 225C700 217 708 204 708 187 708 171 704 154 692 142 675 129 663 125 646 125Z\"><\/path><\/svg>\t\t\t\t\t<\/div>\n\t\t\t\t\t<div class=\"elementor-swiper-button elementor-swiper-button-next\" role=\"button\" tabindex=\"0\">\n\t\t\t\t\t\t<svg aria-hidden=\"true\" class=\"e-font-icon-svg e-eicon-chevron-right\" viewbox=\"0 0 1000 1000\" xmlns=\"http:\/\/www.w3.org\/2000\/svg\"><path d=\"M696 533C708 521 713 504 713 487 713 471 708 454 696 446L400 146C388 133 375 125 354 125 338 125 325 129 313 142 300 154 292 171 292 187 292 204 296 221 308 233L563 492 304 771C292 783 288 800 288 817 288 833 296 850 308 863 321 871 338 875 354 875 371 875 388 867 400 854L696 533Z\"><\/path><\/svg>\t\t\t\t\t<\/div>\n\t\t\t\t\n\t\t\t\t\t\t\t\t\t<div class=\"swiper-pagination\"><\/div>\n\t\t\t\t\t\t\t\t\t<\/div>\n\t\t\t\t\t\t<\/div>\n\t\t\t\t<\/div>\n\t\t\t\t<\/div>\n\t\t<div class=\"elementor-element elementor-element-3128d93 e-con-full e-flex e-con e-child\" data-id=\"3128d93\" data-element_type=\"container\" data-e-type=\"container\">\n\t\t<div class=\"elementor-element elementor-element-140c24e e-flex e-con-boxed e-con e-child\" data-id=\"140c24e\" data-element_type=\"container\" data-e-type=\"container\">\n\t\t\t\t\t<div class=\"e-con-inner\">\n\t\t\t\t<div class=\"elementor-element elementor-element-403b590 elementor-widget elementor-widget-image\" data-id=\"403b590\" data-element_type=\"widget\" data-e-type=\"widget\" data-widget_type=\"image.default\">\n\t\t\t\t<div class=\"elementor-widget-container\">\n\t\t\t\t\t\t\t\t\t\t\t\t\t\t\t<img loading=\"lazy\" decoding=\"async\" width=\"683\" height=\"1024\" src=\"https:\/\/lenabreidenbach.de\/wp-content\/uploads\/2024\/10\/haende_video_stills-14-683x1024.jpg\" class=\"attachment-large size-large wp-image-3068\" alt=\"\" srcset=\"https:\/\/lenabreidenbach.de\/wp-content\/uploads\/2024\/10\/haende_video_stills-14-683x1024.jpg 683w, https:\/\/lenabreidenbach.de\/wp-content\/uploads\/2024\/10\/haende_video_stills-14-200x300.jpg 200w, https:\/\/lenabreidenbach.de\/wp-content\/uploads\/2024\/10\/haende_video_stills-14-768x1152.jpg 768w, https:\/\/lenabreidenbach.de\/wp-content\/uploads\/2024\/10\/haende_video_stills-14-8x12.jpg 8w, https:\/\/lenabreidenbach.de\/wp-content\/uploads\/2024\/10\/haende_video_stills-14.jpg 1000w\" sizes=\"(max-width: 683px) 100vw, 683px\" \/>\t\t\t\t\t\t\t\t\t\t\t\t\t\t\t<\/div>\n\t\t\t\t<\/div>\n\t\t\t\t\t<\/div>\n\t\t\t\t<\/div>\n\t\t<div class=\"elementor-element elementor-element-fa5add5 e-flex e-con-boxed e-con e-child\" data-id=\"fa5add5\" data-element_type=\"container\" data-e-type=\"container\">\n\t\t\t\t\t<div class=\"e-con-inner\">\n\t\t\t\t<div class=\"elementor-element elementor-element-405836e elementor-widget elementor-widget-image\" data-id=\"405836e\" data-element_type=\"widget\" data-e-type=\"widget\" data-widget_type=\"image.default\">\n\t\t\t\t<div class=\"elementor-widget-container\">\n\t\t\t\t\t\t\t\t\t\t\t\t\t\t\t<img loading=\"lazy\" decoding=\"async\" width=\"649\" height=\"649\" src=\"https:\/\/lenabreidenbach.de\/wp-content\/uploads\/2024\/10\/fg_perspektiven_podcast-cover.jpg\" class=\"attachment-large size-large wp-image-3106\" alt=\"\" srcset=\"https:\/\/lenabreidenbach.de\/wp-content\/uploads\/2024\/10\/fg_perspektiven_podcast-cover.jpg 649w, https:\/\/lenabreidenbach.de\/wp-content\/uploads\/2024\/10\/fg_perspektiven_podcast-cover-300x300.jpg 300w, https:\/\/lenabreidenbach.de\/wp-content\/uploads\/2024\/10\/fg_perspektiven_podcast-cover-150x150.jpg 150w, https:\/\/lenabreidenbach.de\/wp-content\/uploads\/2024\/10\/fg_perspektiven_podcast-cover-12x12.jpg 12w\" sizes=\"(max-width: 649px) 100vw, 649px\" \/>\t\t\t\t\t\t\t\t\t\t\t\t\t\t\t<\/div>\n\t\t\t\t<\/div>\n\t\t\t\t\t<\/div>\n\t\t\t\t<\/div>\n\t\t\t\t<\/div>\n\t\t\t\t<\/div>\n\t\t<div class=\"elementor-element elementor-element-3eb8186 e-con-full e-flex e-con e-child\" data-id=\"3eb8186\" data-element_type=\"container\" data-e-type=\"container\">\n\t\t<div class=\"elementor-element elementor-element-6555c3a e-flex e-con-boxed e-con e-child\" data-id=\"6555c3a\" data-element_type=\"container\" data-e-type=\"container\">\n\t\t\t\t\t<div class=\"e-con-inner\">\n\t\t\t\t<div class=\"elementor-element elementor-element-3821a21 elementor-widget elementor-widget-text-editor\" data-id=\"3821a21\" data-element_type=\"widget\" data-e-type=\"widget\" data-widget_type=\"text-editor.default\">\n\t\t\t\t<div class=\"elementor-widget-container\">\n\t\t\t\t\t\t\t\t\t<p>You &amp; Me, Machine<\/p>\t\t\t\t\t\t\t\t<\/div>\n\t\t\t\t<\/div>\n\t\t\t\t\t<\/div>\n\t\t\t\t<\/div>\n\t\t<div class=\"elementor-element elementor-element-9066d99 e-flex e-con-boxed e-con e-child\" data-id=\"9066d99\" data-element_type=\"container\" data-e-type=\"container\">\n\t\t\t\t\t<div class=\"e-con-inner\">\n\t\t\t\t<div class=\"elementor-element elementor-element-2f1a208 elementor-widget elementor-widget-text-editor\" data-id=\"2f1a208\" data-element_type=\"widget\" data-e-type=\"widget\" data-widget_type=\"text-editor.default\">\n\t\t\t\t<div class=\"elementor-widget-container\">\n\t\t\t\t\t\t\t\t\t<p>The Artificial Human<\/p>\t\t\t\t\t\t\t\t<\/div>\n\t\t\t\t<\/div>\n\t\t\t\t\t<\/div>\n\t\t\t\t<\/div>\n\t\t<div class=\"elementor-element elementor-element-c5179d8 e-flex e-con-boxed e-con e-child\" data-id=\"c5179d8\" data-element_type=\"container\" data-e-type=\"container\">\n\t\t\t\t\t<div class=\"e-con-inner\">\n\t\t\t\t<div class=\"elementor-element elementor-element-4e5b5aa elementor-widget elementor-widget-text-editor\" data-id=\"4e5b5aa\" data-element_type=\"widget\" data-e-type=\"widget\" data-widget_type=\"text-editor.default\">\n\t\t\t\t<div class=\"elementor-widget-container\">\n\t\t\t\t\t\t\t\t\t<p>In an age of artificial intelligence and rapidly advancing development, this project raises fundamental and philosophical questions about humanoid robotics and AI. What does it mean for us when we begin to construct \"artificial humans\"? Will we eventually be replaced? The project is designed as an interactive exchange between science and the general public. Questions provide an engaging structure and offer an accessible entry point to each topic. The system, inspired by a large circuit board, can be expanded to include as many topics as desired over time. The participatory stations are combined with scannable audio elements linked to a podcast. In this project, the focus is not on the technology itself but on its connection to us as humans.<\/p>\t\t\t\t\t\t\t\t<\/div>\n\t\t\t\t<\/div>\n\t\t\t\t\t<\/div>\n\t\t\t\t<\/div>\n\t\t<div class=\"elementor-element elementor-element-c83021b e-flex e-con-boxed e-con e-child\" data-id=\"c83021b\" data-element_type=\"container\" data-e-type=\"container\">\n\t\t\t\t\t<div class=\"e-con-inner\">\n\t\t\t\t<div class=\"elementor-element elementor-element-72b4c5d elementor-widget elementor-widget-text-editor\" data-id=\"72b4c5d\" data-element_type=\"widget\" data-e-type=\"widget\" data-widget_type=\"text-editor.default\">\n\t\t\t\t<div class=\"elementor-widget-container\">\n\t\t\t\t\t\t\t\t\t<p>4. Semester, 2024<\/p>\t\t\t\t\t\t\t\t<\/div>\n\t\t\t\t<\/div>\n\t\t\t\t\t<\/div>\n\t\t\t\t<\/div>\n\t\t\t\t<\/div>\n\t\t\t\t\t<\/div>\n\t\t\t\t<\/div>\n\t\t\t\t<\/div>","protected":false},"excerpt":{"rendered":"<p>Du &amp; Ich, Maschine Der k\u00fcnstliche Mensch In einem Zeitalter von K\u00fcnstlicher Intelligenz und einer immer schneller voranschreitenden Entwicklung stellt dieses Projekt grunds\u00e4tzliche und Philosophische Fragen zu humanoider Robotik und KI. Was bedeutet es f\u00fcr uns, wenn wir anfangen \u201ek\u00fcnstliche Menschen\u201c zu konstruieren? Werden wir irgendwann ersetzt? Das Projekt ist als interaktives Austauschprojekt zwischen Wissenschaft [&hellip;]<\/p>\n","protected":false},"author":1,"featured_media":0,"parent":0,"menu_order":0,"comment_status":"closed","ping_status":"closed","template":"","meta":{"footnotes":""},"class_list":["post-3057","page","type-page","status-publish","hentry"],"_links":{"self":[{"href":"https:\/\/lenabreidenbach.de\/en\/wp-json\/wp\/v2\/pages\/3057","targetHints":{"allow":["GET"]}}],"collection":[{"href":"https:\/\/lenabreidenbach.de\/en\/wp-json\/wp\/v2\/pages"}],"about":[{"href":"https:\/\/lenabreidenbach.de\/en\/wp-json\/wp\/v2\/types\/page"}],"author":[{"embeddable":true,"href":"https:\/\/lenabreidenbach.de\/en\/wp-json\/wp\/v2\/users\/1"}],"replies":[{"embeddable":true,"href":"https:\/\/lenabreidenbach.de\/en\/wp-json\/wp\/v2\/comments?post=3057"}],"version-history":[{"count":31,"href":"https:\/\/lenabreidenbach.de\/en\/wp-json\/wp\/v2\/pages\/3057\/revisions"}],"predecessor-version":[{"id":3109,"href":"https:\/\/lenabreidenbach.de\/en\/wp-json\/wp\/v2\/pages\/3057\/revisions\/3109"}],"wp:attachment":[{"href":"https:\/\/lenabreidenbach.de\/en\/wp-json\/wp\/v2\/media?parent=3057"}],"curies":[{"name":"wp","href":"https:\/\/api.w.org\/{rel}","templated":true}]}}