{"id":3027,"date":"2024-10-06T18:28:05","date_gmt":"2024-10-06T18:28:05","guid":{"rendered":"https:\/\/lenabreidenbach.de\/?page_id=3027"},"modified":"2024-10-06T19:09:19","modified_gmt":"2024-10-06T19:09:19","slug":"kratos","status":"publish","type":"page","link":"https:\/\/lenabreidenbach.de\/en\/kratos\/","title":{"rendered":"Kr\u00e1tos"},"content":{"rendered":"<div data-elementor-type=\"wp-page\" data-elementor-id=\"3027\" class=\"elementor elementor-3027\">\n\t\t\t\t<div class=\"elementor-element elementor-element-a27e4f7 e-flex e-con-boxed e-con e-parent\" data-id=\"a27e4f7\" data-element_type=\"container\" data-e-type=\"container\">\n\t\t\t\t\t<div class=\"e-con-inner\">\n\t\t<div class=\"elementor-element elementor-element-1ccca32 e-con-full e-flex e-con e-child\" data-id=\"1ccca32\" data-element_type=\"container\" data-e-type=\"container\">\n\t\t<div class=\"elementor-element elementor-element-4a0c8e0 e-flex e-con-boxed e-con e-child\" data-id=\"4a0c8e0\" data-element_type=\"container\" data-e-type=\"container\">\n\t\t\t\t\t<div class=\"e-con-inner\">\n\t\t\t\t<div class=\"elementor-element elementor-element-438f3f1 elementor-widget elementor-widget-video\" data-id=\"438f3f1\" data-element_type=\"widget\" data-e-type=\"widget\" data-settings=\"{&quot;youtube_url&quot;:&quot;https:\\\/\\\/youtu.be\\\/0PnJKN-nACc&quot;,&quot;video_type&quot;:&quot;youtube&quot;,&quot;controls&quot;:&quot;yes&quot;}\" data-widget_type=\"video.default\">\n\t\t\t\t<div class=\"elementor-widget-container\">\n\t\t\t\t\t\t\t<div class=\"elementor-wrapper elementor-open-inline\">\n\t\t\t<div class=\"elementor-video\"><\/div>\t\t<\/div>\n\t\t\t\t\t\t<\/div>\n\t\t\t\t<\/div>\n\t\t\t\t\t<\/div>\n\t\t\t\t<\/div>\n\t\t<div class=\"elementor-element elementor-element-7daf497 e-flex e-con-boxed e-con e-child\" data-id=\"7daf497\" data-element_type=\"container\" data-e-type=\"container\">\n\t\t\t\t\t<div class=\"e-con-inner\">\n\t\t<div class=\"elementor-element elementor-element-cdcca74 e-con-full e-flex e-con e-child\" data-id=\"cdcca74\" data-element_type=\"container\" data-e-type=\"container\">\n\t\t\t\t<div class=\"elementor-element elementor-element-69b465b elementor-widget elementor-widget-image\" data-id=\"69b465b\" data-element_type=\"widget\" data-e-type=\"widget\" data-widget_type=\"image.default\">\n\t\t\t\t<div class=\"elementor-widget-container\">\n\t\t\t\t\t\t\t\t\t\t\t\t\t\t\t<img fetchpriority=\"high\" decoding=\"async\" width=\"800\" height=\"534\" src=\"https:\/\/lenabreidenbach.de\/wp-content\/uploads\/2024\/10\/haende_video_stills-5-1024x683.jpg\" class=\"attachment-large size-large wp-image-3045\" alt=\"\" srcset=\"https:\/\/lenabreidenbach.de\/wp-content\/uploads\/2024\/10\/haende_video_stills-5-1024x683.jpg 1024w, https:\/\/lenabreidenbach.de\/wp-content\/uploads\/2024\/10\/haende_video_stills-5-300x200.jpg 300w, https:\/\/lenabreidenbach.de\/wp-content\/uploads\/2024\/10\/haende_video_stills-5-768x512.jpg 768w, https:\/\/lenabreidenbach.de\/wp-content\/uploads\/2024\/10\/haende_video_stills-5-18x12.jpg 18w, https:\/\/lenabreidenbach.de\/wp-content\/uploads\/2024\/10\/haende_video_stills-5.jpg 1500w\" sizes=\"(max-width: 800px) 100vw, 800px\" \/>\t\t\t\t\t\t\t\t\t\t\t\t\t\t\t<\/div>\n\t\t\t\t<\/div>\n\t\t\t\t<\/div>\n\t\t\t\t\t<\/div>\n\t\t\t\t<\/div>\n\t\t<div class=\"elementor-element elementor-element-f01a7b4 e-con-full e-flex e-con e-child\" data-id=\"f01a7b4\" data-element_type=\"container\" data-e-type=\"container\">\n\t\t<div class=\"elementor-element elementor-element-d969461 e-flex e-con-boxed e-con e-child\" data-id=\"d969461\" data-element_type=\"container\" data-e-type=\"container\">\n\t\t\t\t\t<div class=\"e-con-inner\">\n\t\t\t\t<div class=\"elementor-element elementor-element-8faad74 elementor-widget elementor-widget-image\" data-id=\"8faad74\" data-element_type=\"widget\" data-e-type=\"widget\" data-widget_type=\"image.default\">\n\t\t\t\t<div class=\"elementor-widget-container\">\n\t\t\t\t\t\t\t\t\t\t\t\t\t\t\t<img decoding=\"async\" width=\"683\" height=\"1024\" src=\"https:\/\/lenabreidenbach.de\/wp-content\/uploads\/2024\/10\/haende_video_stills-7-683x1024.jpg\" class=\"attachment-large size-large wp-image-3047\" alt=\"\" srcset=\"https:\/\/lenabreidenbach.de\/wp-content\/uploads\/2024\/10\/haende_video_stills-7-683x1024.jpg 683w, https:\/\/lenabreidenbach.de\/wp-content\/uploads\/2024\/10\/haende_video_stills-7-200x300.jpg 200w, https:\/\/lenabreidenbach.de\/wp-content\/uploads\/2024\/10\/haende_video_stills-7-768x1152.jpg 768w, https:\/\/lenabreidenbach.de\/wp-content\/uploads\/2024\/10\/haende_video_stills-7-8x12.jpg 8w, https:\/\/lenabreidenbach.de\/wp-content\/uploads\/2024\/10\/haende_video_stills-7.jpg 1000w\" sizes=\"(max-width: 683px) 100vw, 683px\" \/>\t\t\t\t\t\t\t\t\t\t\t\t\t\t\t<\/div>\n\t\t\t\t<\/div>\n\t\t\t\t\t<\/div>\n\t\t\t\t<\/div>\n\t\t<div class=\"elementor-element elementor-element-879e056 e-flex e-con-boxed e-con e-child\" data-id=\"879e056\" data-element_type=\"container\" data-e-type=\"container\">\n\t\t\t\t\t<div class=\"e-con-inner\">\n\t\t\t\t\t<\/div>\n\t\t\t\t<\/div>\n\t\t\t\t<\/div>\n\t\t\t\t<\/div>\n\t\t<div class=\"elementor-element elementor-element-7b7b2c2 e-con-full e-flex e-con e-child\" data-id=\"7b7b2c2\" data-element_type=\"container\" data-e-type=\"container\">\n\t\t<div class=\"elementor-element elementor-element-13b2ded e-flex e-con-boxed e-con e-child\" data-id=\"13b2ded\" data-element_type=\"container\" data-e-type=\"container\">\n\t\t\t\t\t<div class=\"e-con-inner\">\n\t\t\t\t<div class=\"elementor-element elementor-element-430e2d4 elementor-widget elementor-widget-text-editor\" data-id=\"430e2d4\" data-element_type=\"widget\" data-e-type=\"widget\" data-widget_type=\"text-editor.default\">\n\t\t\t\t<div class=\"elementor-widget-container\">\n\t\t\t\t\t\t\t\t\t<p>Kr\u00e1tos<\/p>\t\t\t\t\t\t\t\t<\/div>\n\t\t\t\t<\/div>\n\t\t\t\t\t<\/div>\n\t\t\t\t<\/div>\n\t\t<div class=\"elementor-element elementor-element-788e67b e-flex e-con-boxed e-con e-child\" data-id=\"788e67b\" data-element_type=\"container\" data-e-type=\"container\">\n\t\t\t\t\t<div class=\"e-con-inner\">\n\t\t\t\t<div class=\"elementor-element elementor-element-a0cce14 elementor-widget elementor-widget-text-editor\" data-id=\"a0cce14\" data-element_type=\"widget\" data-e-type=\"widget\" data-widget_type=\"text-editor.default\">\n\t\t\t\t<div class=\"elementor-widget-container\">\n\t\t\t\t\t\t\t\t\t<p>Power and System<\/p>\t\t\t\t\t\t\t\t<\/div>\n\t\t\t\t<\/div>\n\t\t\t\t\t<\/div>\n\t\t\t\t<\/div>\n\t\t<div class=\"elementor-element elementor-element-76f5334 e-flex e-con-boxed e-con e-child\" data-id=\"76f5334\" data-element_type=\"container\" data-e-type=\"container\">\n\t\t\t\t\t<div class=\"e-con-inner\">\n\t\t\t\t<div class=\"elementor-element elementor-element-74f4adc elementor-widget elementor-widget-text-editor\" data-id=\"74f4adc\" data-element_type=\"widget\" data-e-type=\"widget\" data-widget_type=\"text-editor.default\">\n\t\t\t\t<div class=\"elementor-widget-container\">\n\t\t\t\t\t\t\t\t\t<p>What does a rational, highly organized system with clear hierarchies do to human beings and their sense of responsibility? How quickly are we led to make immoral decisions? The core idea of this project is inspired by the works of Hannah Arendt \u2013 the Jewish philosopher describes a new kind of murderer in her work The Banality of Evil \u2013 the \"desk murderer\u201c. Executed in the form of an interactive typewriter, visitors must answer questions, assess cases, and solve tasks in the form of a game. In the end, they must question and reflect on themselves and their decisions. Hannah Arendt refers to absolute obedience as a German phenomenon. Is that true?<\/p>\t\t\t\t\t\t\t\t<\/div>\n\t\t\t\t<\/div>\n\t\t\t\t\t<\/div>\n\t\t\t\t<\/div>\n\t\t<div class=\"elementor-element elementor-element-eceb546 e-flex e-con-boxed e-con e-child\" data-id=\"eceb546\" data-element_type=\"container\" data-e-type=\"container\">\n\t\t\t\t\t<div class=\"e-con-inner\">\n\t\t\t\t<div class=\"elementor-element elementor-element-c3bff39 elementor-widget elementor-widget-text-editor\" data-id=\"c3bff39\" data-element_type=\"widget\" data-e-type=\"widget\" data-widget_type=\"text-editor.default\">\n\t\t\t\t<div class=\"elementor-widget-container\">\n\t\t\t\t\t\t\t\t\t<p>4. Semester, 2024<\/p>\t\t\t\t\t\t\t\t<\/div>\n\t\t\t\t<\/div>\n\t\t\t\t\t<\/div>\n\t\t\t\t<\/div>\n\t\t\t\t<\/div>\n\t\t\t\t\t<\/div>\n\t\t\t\t<\/div>\n\t\t\t\t<\/div>","protected":false},"excerpt":{"rendered":"<p>Kr\u00e1tos Macht und System Was macht ein rationales, durchorganisiertes und in klare Hierarchien eingeteiltes System mit dem Menschen und seinem Gef\u00fchl f\u00fcr Verantwortung? Wie schnell lassen wir uns zu unmoralischen Entscheidungen hinrei\u00dfen? Der Grundgedanke des Projekts entspringt den Werken Hannah Arendts \u2013 die j\u00fcdische Philosophin beschreibt in ihrem Werk \u201eDie Banalit\u00e4t des B\u00f6sen\u201c eine neue [&hellip;]<\/p>\n","protected":false},"author":1,"featured_media":0,"parent":0,"menu_order":0,"comment_status":"closed","ping_status":"closed","template":"","meta":{"footnotes":""},"class_list":["post-3027","page","type-page","status-publish","hentry"],"_links":{"self":[{"href":"https:\/\/lenabreidenbach.de\/en\/wp-json\/wp\/v2\/pages\/3027","targetHints":{"allow":["GET"]}}],"collection":[{"href":"https:\/\/lenabreidenbach.de\/en\/wp-json\/wp\/v2\/pages"}],"about":[{"href":"https:\/\/lenabreidenbach.de\/en\/wp-json\/wp\/v2\/types\/page"}],"author":[{"embeddable":true,"href":"https:\/\/lenabreidenbach.de\/en\/wp-json\/wp\/v2\/users\/1"}],"replies":[{"embeddable":true,"href":"https:\/\/lenabreidenbach.de\/en\/wp-json\/wp\/v2\/comments?post=3027"}],"version-history":[{"count":22,"href":"https:\/\/lenabreidenbach.de\/en\/wp-json\/wp\/v2\/pages\/3027\/revisions"}],"predecessor-version":[{"id":3056,"href":"https:\/\/lenabreidenbach.de\/en\/wp-json\/wp\/v2\/pages\/3027\/revisions\/3056"}],"wp:attachment":[{"href":"https:\/\/lenabreidenbach.de\/en\/wp-json\/wp\/v2\/media?parent=3027"}],"curies":[{"name":"wp","href":"https:\/\/api.w.org\/{rel}","templated":true}]}}