{"id":262,"date":"2024-03-22T14:53:54","date_gmt":"2024-03-22T14:53:54","guid":{"rendered":"https:\/\/lenabreidenbach.de\/?page_id=262"},"modified":"2024-05-03T20:43:05","modified_gmt":"2024-05-03T20:43:05","slug":"was-ist-der-mensch","status":"publish","type":"page","link":"https:\/\/lenabreidenbach.de\/en\/was-ist-der-mensch\/","title":{"rendered":"was ist der mensch?"},"content":{"rendered":"<div data-elementor-type=\"wp-page\" data-elementor-id=\"262\" class=\"elementor elementor-262\">\n\t\t\t\t<div class=\"elementor-element elementor-element-2e30050 e-flex e-con-boxed e-con e-parent\" data-id=\"2e30050\" data-element_type=\"container\" data-e-type=\"container\">\n\t\t\t\t\t<div class=\"e-con-inner\">\n\t\t\t\t<div class=\"elementor-element elementor-element-5ee3ab3 elementor-widget elementor-widget-button\" data-id=\"5ee3ab3\" data-element_type=\"widget\" data-e-type=\"widget\" data-widget_type=\"button.default\">\n\t\t\t\t<div class=\"elementor-widget-container\">\n\t\t\t\t\t\t\t\t\t<div class=\"elementor-button-wrapper\">\n\t\t\t\t\t<a class=\"elementor-button elementor-button-link elementor-size-sm elementor-animation-grow\" href=\"https:\/\/lenabreidenbach.de\/en\/umschlossen\/\">\n\t\t\t\t\t\t<span class=\"elementor-button-content-wrapper\">\n\t\t\t\t\t\t\t\t\t<span class=\"elementor-button-text\">Project<\/span>\n\t\t\t\t\t<\/span>\n\t\t\t\t\t<\/a>\n\t\t\t\t<\/div>\n\t\t\t\t\t\t\t\t<\/div>\n\t\t\t\t<\/div>\n\t\t\t\t<div class=\"elementor-element elementor-element-eab3ae0 elementor-widget elementor-widget-button\" data-id=\"eab3ae0\" data-element_type=\"widget\" data-e-type=\"widget\" data-widget_type=\"button.default\">\n\t\t\t\t<div class=\"elementor-widget-container\">\n\t\t\t\t\t\t\t\t\t<div class=\"elementor-button-wrapper\">\n\t\t\t\t\t<a class=\"elementor-button elementor-button-link elementor-size-sm elementor-animation-grow\" href=\"https:\/\/lenabreidenbach.de\/en\/was-ist-der-mensch-prozess\/\">\n\t\t\t\t\t\t<span class=\"elementor-button-content-wrapper\">\n\t\t\t\t\t\t\t\t\t<span class=\"elementor-button-text\">Process<\/span>\n\t\t\t\t\t<\/span>\n\t\t\t\t\t<\/a>\n\t\t\t\t<\/div>\n\t\t\t\t\t\t\t\t<\/div>\n\t\t\t\t<\/div>\n\t\t\t\t\t<\/div>\n\t\t\t\t<\/div>\n\t\t<div class=\"elementor-element elementor-element-b756f0c e-flex e-con-boxed e-con e-parent\" data-id=\"b756f0c\" data-element_type=\"container\" data-e-type=\"container\">\n\t\t\t\t\t<div class=\"e-con-inner\">\n\t\t<div class=\"elementor-element elementor-element-37e4f82 e-con-full e-flex e-con e-child\" data-id=\"37e4f82\" data-element_type=\"container\" data-e-type=\"container\">\n\t\t<div class=\"elementor-element elementor-element-e2531ed e-flex e-con-boxed e-con e-child\" data-id=\"e2531ed\" data-element_type=\"container\" data-e-type=\"container\">\n\t\t\t\t\t<div class=\"e-con-inner\">\n\t\t\t\t<div class=\"elementor-element elementor-element-7f1eb57 elementor-widget elementor-widget-video\" data-id=\"7f1eb57\" data-element_type=\"widget\" data-e-type=\"widget\" data-settings=\"{&quot;video_type&quot;:&quot;vimeo&quot;}\" data-widget_type=\"video.default\">\n\t\t\t\t<div class=\"elementor-widget-container\">\n\t\t\t\t\t\t\t<div class=\"elementor-wrapper elementor-open-inline\">\n\t\t\t<iframe class=\"elementor-video-iframe\" allowfullscreen allow=\"clipboard-write\" title=\"vimeo Video Player\" src=\"https:\/\/player.vimeo.com\/video\/924092397?color&amp;autopause=0&amp;loop=0&amp;muted=0&amp;title=0&amp;portrait=1&amp;byline=1#t=\"><\/iframe>\t\t<\/div>\n\t\t\t\t\t\t<\/div>\n\t\t\t\t<\/div>\n\t\t\t\t\t<\/div>\n\t\t\t\t<\/div>\n\t\t<div class=\"elementor-element elementor-element-a8ddbbb e-flex e-con-boxed e-con e-child\" data-id=\"a8ddbbb\" data-element_type=\"container\" data-e-type=\"container\">\n\t\t\t\t\t<div class=\"e-con-inner\">\n\t\t<div class=\"elementor-element elementor-element-88a80a0 e-flex e-con-boxed e-con e-child\" data-id=\"88a80a0\" data-element_type=\"container\" data-e-type=\"container\">\n\t\t\t\t\t<div class=\"e-con-inner\">\n\t\t<div class=\"elementor-element elementor-element-e232866 e-flex e-con-boxed e-con e-child\" data-id=\"e232866\" data-element_type=\"container\" data-e-type=\"container\">\n\t\t\t\t\t<div class=\"e-con-inner\">\n\t\t\t\t<div class=\"elementor-element elementor-element-4ffd399 elementor-widget elementor-widget-image\" data-id=\"4ffd399\" data-element_type=\"widget\" data-e-type=\"widget\" data-widget_type=\"image.default\">\n\t\t\t\t<div class=\"elementor-widget-container\">\n\t\t\t\t\t\t\t\t\t\t\t\t\t\t\t<img fetchpriority=\"high\" decoding=\"async\" width=\"768\" height=\"1152\" src=\"https:\/\/lenabreidenbach.de\/wp-content\/uploads\/2024\/03\/was-ist-der-mensch-web-19-768x1152.jpg\" class=\"attachment-medium_large size-medium_large wp-image-839\" alt=\"\" srcset=\"https:\/\/lenabreidenbach.de\/wp-content\/uploads\/2024\/03\/was-ist-der-mensch-web-19-768x1152.jpg 768w, https:\/\/lenabreidenbach.de\/wp-content\/uploads\/2024\/03\/was-ist-der-mensch-web-19-200x300.jpg 200w, https:\/\/lenabreidenbach.de\/wp-content\/uploads\/2024\/03\/was-ist-der-mensch-web-19-683x1024.jpg 683w, https:\/\/lenabreidenbach.de\/wp-content\/uploads\/2024\/03\/was-ist-der-mensch-web-19.jpg 1000w\" sizes=\"(max-width: 768px) 100vw, 768px\" \/>\t\t\t\t\t\t\t\t\t\t\t\t\t\t\t<\/div>\n\t\t\t\t<\/div>\n\t\t\t\t\t<\/div>\n\t\t\t\t<\/div>\n\t\t\t\t\t<\/div>\n\t\t\t\t<\/div>\n\t\t<div class=\"elementor-element elementor-element-570f532 e-flex e-con-boxed e-con e-child\" data-id=\"570f532\" data-element_type=\"container\" data-e-type=\"container\">\n\t\t\t\t\t<div class=\"e-con-inner\">\n\t\t\t\t<div class=\"elementor-element elementor-element-1fadd10 elementor-arrows-position-inside elementor-pagination-position-outside elementor-widget elementor-widget-image-carousel\" data-id=\"1fadd10\" data-element_type=\"widget\" data-e-type=\"widget\" data-settings=\"{&quot;slides_to_show&quot;:&quot;1&quot;,&quot;navigation&quot;:&quot;both&quot;,&quot;autoplay&quot;:&quot;yes&quot;,&quot;pause_on_hover&quot;:&quot;yes&quot;,&quot;pause_on_interaction&quot;:&quot;yes&quot;,&quot;autoplay_speed&quot;:5000,&quot;infinite&quot;:&quot;yes&quot;,&quot;effect&quot;:&quot;slide&quot;,&quot;speed&quot;:500}\" data-widget_type=\"image-carousel.default\">\n\t\t\t\t<div class=\"elementor-widget-container\">\n\t\t\t\t\t\t\t<div class=\"elementor-image-carousel-wrapper swiper\" role=\"region\" aria-roledescription=\"carousel\" aria-label=\"Bild Karussell\" dir=\"ltr\">\n\t\t\t<div class=\"elementor-image-carousel swiper-wrapper\" aria-live=\"off\">\n\t\t\t\t\t\t\t\t<div class=\"swiper-slide\" role=\"group\" aria-roledescription=\"slide\" aria-label=\"1 von 16\"><figure class=\"swiper-slide-inner\"><img decoding=\"async\" class=\"swiper-slide-image\" src=\"https:\/\/lenabreidenbach.de\/wp-content\/uploads\/2024\/03\/was-ist-der-mensch-web-16-768x971.jpg\" alt=\"was-ist-der-mensch-web-16\" \/><\/figure><\/div><div class=\"swiper-slide\" role=\"group\" aria-roledescription=\"slide\" aria-label=\"2 von 16\"><figure class=\"swiper-slide-inner\"><img decoding=\"async\" class=\"swiper-slide-image\" src=\"https:\/\/lenabreidenbach.de\/wp-content\/uploads\/2024\/03\/was-ist-der-mensch-web-15-768x971.jpg\" alt=\"was-ist-der-mensch-web-15\" \/><\/figure><\/div><div class=\"swiper-slide\" role=\"group\" aria-roledescription=\"slide\" aria-label=\"3 von 16\"><figure class=\"swiper-slide-inner\"><img decoding=\"async\" class=\"swiper-slide-image\" src=\"https:\/\/lenabreidenbach.de\/wp-content\/uploads\/2024\/03\/was-ist-der-mensch-web-17-768x971.jpg\" alt=\"was-ist-der-mensch-web-17\" \/><\/figure><\/div><div class=\"swiper-slide\" role=\"group\" aria-roledescription=\"slide\" aria-label=\"4 von 16\"><figure class=\"swiper-slide-inner\"><img decoding=\"async\" class=\"swiper-slide-image\" src=\"https:\/\/lenabreidenbach.de\/wp-content\/uploads\/2024\/03\/was-ist-der-mensch-web-14-768x971.jpg\" alt=\"was-ist-der-mensch-web-14\" \/><\/figure><\/div><div class=\"swiper-slide\" role=\"group\" aria-roledescription=\"slide\" aria-label=\"5 von 16\"><figure class=\"swiper-slide-inner\"><img decoding=\"async\" class=\"swiper-slide-image\" src=\"https:\/\/lenabreidenbach.de\/wp-content\/uploads\/2024\/03\/was-ist-der-mensch-web-13-768x971.jpg\" alt=\"was-ist-der-mensch-web-13\" \/><\/figure><\/div><div class=\"swiper-slide\" role=\"group\" aria-roledescription=\"slide\" aria-label=\"6 von 16\"><figure class=\"swiper-slide-inner\"><img decoding=\"async\" class=\"swiper-slide-image\" src=\"https:\/\/lenabreidenbach.de\/wp-content\/uploads\/2024\/03\/was-ist-der-mensch-web-12-768x971.jpg\" alt=\"was-ist-der-mensch-web-12\" \/><\/figure><\/div><div class=\"swiper-slide\" role=\"group\" aria-roledescription=\"slide\" aria-label=\"7 von 16\"><figure class=\"swiper-slide-inner\"><img decoding=\"async\" class=\"swiper-slide-image\" src=\"https:\/\/lenabreidenbach.de\/wp-content\/uploads\/2024\/03\/was-ist-der-mensch-web-10-768x971.jpg\" alt=\"was-ist-der-mensch-web-10\" \/><\/figure><\/div><div class=\"swiper-slide\" role=\"group\" aria-roledescription=\"slide\" aria-label=\"8 von 16\"><figure class=\"swiper-slide-inner\"><img decoding=\"async\" class=\"swiper-slide-image\" src=\"https:\/\/lenabreidenbach.de\/wp-content\/uploads\/2024\/03\/was-ist-der-mensch-web-09-768x971.jpg\" alt=\"was-ist-der-mensch-web-09\" \/><\/figure><\/div><div class=\"swiper-slide\" role=\"group\" aria-roledescription=\"slide\" aria-label=\"9 von 16\"><figure class=\"swiper-slide-inner\"><img decoding=\"async\" class=\"swiper-slide-image\" src=\"https:\/\/lenabreidenbach.de\/wp-content\/uploads\/2024\/03\/was-ist-der-mensch-web-08-768x971.jpg\" alt=\"was-ist-der-mensch-web-08\" \/><\/figure><\/div><div class=\"swiper-slide\" role=\"group\" aria-roledescription=\"slide\" aria-label=\"10 von 16\"><figure class=\"swiper-slide-inner\"><img decoding=\"async\" class=\"swiper-slide-image\" src=\"https:\/\/lenabreidenbach.de\/wp-content\/uploads\/2024\/03\/was-ist-der-mensch-web-07-768x971.jpg\" alt=\"was-ist-der-mensch-web-07\" \/><\/figure><\/div><div class=\"swiper-slide\" role=\"group\" aria-roledescription=\"slide\" aria-label=\"11 von 16\"><figure class=\"swiper-slide-inner\"><img decoding=\"async\" class=\"swiper-slide-image\" src=\"https:\/\/lenabreidenbach.de\/wp-content\/uploads\/2024\/03\/was-ist-der-mensch-web-06-768x971.jpg\" alt=\"was-ist-der-mensch-web-06\" \/><\/figure><\/div><div class=\"swiper-slide\" role=\"group\" aria-roledescription=\"slide\" aria-label=\"12 von 16\"><figure class=\"swiper-slide-inner\"><img decoding=\"async\" class=\"swiper-slide-image\" src=\"https:\/\/lenabreidenbach.de\/wp-content\/uploads\/2024\/03\/was-ist-der-mensch-web-01-768x971.jpg\" alt=\"was-ist-der-mensch-web-01\" \/><\/figure><\/div><div class=\"swiper-slide\" role=\"group\" aria-roledescription=\"slide\" aria-label=\"13 von 16\"><figure class=\"swiper-slide-inner\"><img decoding=\"async\" class=\"swiper-slide-image\" src=\"https:\/\/lenabreidenbach.de\/wp-content\/uploads\/2024\/03\/was-ist-der-mensch-web-05-768x971.jpg\" alt=\"was-ist-der-mensch-web-05\" \/><\/figure><\/div><div class=\"swiper-slide\" role=\"group\" aria-roledescription=\"slide\" aria-label=\"14 von 16\"><figure class=\"swiper-slide-inner\"><img decoding=\"async\" class=\"swiper-slide-image\" src=\"https:\/\/lenabreidenbach.de\/wp-content\/uploads\/2024\/03\/was-ist-der-mensch-web-04-768x971.jpg\" alt=\"was-ist-der-mensch-web-04\" \/><\/figure><\/div><div class=\"swiper-slide\" role=\"group\" aria-roledescription=\"slide\" aria-label=\"15 von 16\"><figure class=\"swiper-slide-inner\"><img decoding=\"async\" class=\"swiper-slide-image\" src=\"https:\/\/lenabreidenbach.de\/wp-content\/uploads\/2024\/03\/was-ist-der-mensch-web-03-768x971.jpg\" alt=\"was-ist-der-mensch-web-03\" \/><\/figure><\/div><div class=\"swiper-slide\" role=\"group\" aria-roledescription=\"slide\" aria-label=\"16 von 16\"><figure class=\"swiper-slide-inner\"><img decoding=\"async\" class=\"swiper-slide-image\" src=\"https:\/\/lenabreidenbach.de\/wp-content\/uploads\/2024\/03\/was-ist-der-mensch-web-02-768x971.jpg\" alt=\"was-ist-der-mensch-web-02\" \/><\/figure><\/div>\t\t\t<\/div>\n\t\t\t\t\t\t\t\t\t\t\t\t<div class=\"elementor-swiper-button elementor-swiper-button-prev\" role=\"button\" tabindex=\"0\">\n\t\t\t\t\t\t<svg aria-hidden=\"true\" class=\"e-font-icon-svg e-eicon-chevron-left\" viewbox=\"0 0 1000 1000\" xmlns=\"http:\/\/www.w3.org\/2000\/svg\"><path d=\"M646 125C629 125 613 133 604 142L308 442C296 454 292 471 292 487 292 504 296 521 308 533L604 854C617 867 629 875 646 875 663 875 679 871 692 858 704 846 713 829 713 812 713 796 708 779 692 767L438 487 692 225C700 217 708 204 708 187 708 171 704 154 692 142 675 129 663 125 646 125Z\"><\/path><\/svg>\t\t\t\t\t<\/div>\n\t\t\t\t\t<div class=\"elementor-swiper-button elementor-swiper-button-next\" role=\"button\" tabindex=\"0\">\n\t\t\t\t\t\t<svg aria-hidden=\"true\" class=\"e-font-icon-svg e-eicon-chevron-right\" viewbox=\"0 0 1000 1000\" xmlns=\"http:\/\/www.w3.org\/2000\/svg\"><path d=\"M696 533C708 521 713 504 713 487 713 471 708 454 696 446L400 146C388 133 375 125 354 125 338 125 325 129 313 142 300 154 292 171 292 187 292 204 296 221 308 233L563 492 304 771C292 783 288 800 288 817 288 833 296 850 308 863 321 871 338 875 354 875 371 875 388 867 400 854L696 533Z\"><\/path><\/svg>\t\t\t\t\t<\/div>\n\t\t\t\t\n\t\t\t\t\t\t\t\t\t<div class=\"swiper-pagination\"><\/div>\n\t\t\t\t\t\t\t\t\t<\/div>\n\t\t\t\t\t\t<\/div>\n\t\t\t\t<\/div>\n\t\t\t\t\t<\/div>\n\t\t\t\t<\/div>\n\t\t\t\t\t<\/div>\n\t\t\t\t<\/div>\n\t\t\t\t<\/div>\n\t\t<div class=\"elementor-element elementor-element-e097e34 e-con-full e-flex e-con e-child\" data-id=\"e097e34\" data-element_type=\"container\" data-e-type=\"container\">\n\t\t<div class=\"elementor-element elementor-element-6509eda e-flex e-con-boxed e-con e-child\" data-id=\"6509eda\" data-element_type=\"container\" data-e-type=\"container\">\n\t\t\t\t\t<div class=\"e-con-inner\">\n\t\t\t\t<div class=\"elementor-element elementor-element-de1005e elementor-widget elementor-widget-text-editor\" data-id=\"de1005e\" data-element_type=\"widget\" data-e-type=\"widget\" data-widget_type=\"text-editor.default\">\n\t\t\t\t<div class=\"elementor-widget-container\">\n\t\t\t\t\t\t\t\t\t<p>What is Man?<\/p>\t\t\t\t\t\t\t\t<\/div>\n\t\t\t\t<\/div>\n\t\t\t\t\t<\/div>\n\t\t\t\t<\/div>\n\t\t<div class=\"elementor-element elementor-element-06d4955 e-flex e-con-boxed e-con e-child\" data-id=\"06d4955\" data-element_type=\"container\" data-e-type=\"container\">\n\t\t\t\t\t<div class=\"e-con-inner\">\n\t\t\t\t<div class=\"elementor-element elementor-element-cffe0dd elementor-widget elementor-widget-text-editor\" data-id=\"cffe0dd\" data-element_type=\"widget\" data-e-type=\"widget\" data-widget_type=\"text-editor.default\">\n\t\t\t\t<div class=\"elementor-widget-container\">\n\t\t\t\t\t\t\t\t\t<p>A shadow theatre through literature<\/p>\t\t\t\t\t\t\t\t<\/div>\n\t\t\t\t<\/div>\n\t\t\t\t\t<\/div>\n\t\t\t\t<\/div>\n\t\t<div class=\"elementor-element elementor-element-b34484d e-flex e-con-boxed e-con e-child\" data-id=\"b34484d\" data-element_type=\"container\" data-e-type=\"container\">\n\t\t\t\t\t<div class=\"e-con-inner\">\n\t\t\t\t<div class=\"elementor-element elementor-element-b3b1c2a elementor-widget elementor-widget-text-editor\" data-id=\"b3b1c2a\" data-element_type=\"widget\" data-e-type=\"widget\" data-widget_type=\"text-editor.default\">\n\t\t\t\t<div class=\"elementor-widget-container\">\n\t\t\t\t\t\t\t\t\t<p>A question that has affected humanity ever since. The project seeks an answer to that question in literature. It tells a story about the deepest Sehns\u00fcchte of humankind: Love, enlightenment and the fulfillment of both in death. The interactive shadow theatre captures scenically the essence of these topics. The story is build of snippets from the works of Shakespeare, Goethe, Novalis and other important authors, which together merge into something new. With the touch of the fabric, one can interact with the story itself, creating a mystical and sensitive experience.\n\n\"Sehnsucht\" is a German word for which there is no exact English translation. It describes the feeling of nostalgia or a deep longing for something that is not reachable.<\/p>\t\t\t\t\t\t\t\t<\/div>\n\t\t\t\t<\/div>\n\t\t\t\t\t<\/div>\n\t\t\t\t<\/div>\n\t\t<div class=\"elementor-element elementor-element-46a1142 e-flex e-con-boxed e-con e-child\" data-id=\"46a1142\" data-element_type=\"container\" data-e-type=\"container\">\n\t\t\t\t\t<div class=\"e-con-inner\">\n\t\t\t\t<div class=\"elementor-element elementor-element-2f1df6e elementor-widget elementor-widget-text-editor\" data-id=\"2f1df6e\" data-element_type=\"widget\" data-e-type=\"widget\" data-widget_type=\"text-editor.default\">\n\t\t\t\t<div class=\"elementor-widget-container\">\n\t\t\t\t\t\t\t\t\t<p>2. semester, 2023<\/p>\t\t\t\t\t\t\t\t<\/div>\n\t\t\t\t<\/div>\n\t\t\t\t\t<\/div>\n\t\t\t\t<\/div>\n\t\t\t\t<\/div>\n\t\t\t\t\t<\/div>\n\t\t\t\t<\/div>\n\t\t\t\t<\/div>","protected":false},"excerpt":{"rendered":"<p>Projekt Prozess Was ist der Mensch? Ein Schattentheater durch die Literatur Eine Frage, die die Menschheit schon seit langer Zeit bewegt. Das Projekt versucht Antworten auf diese Frage in der Literatur zu finden, denn in der Literatur dr\u00fccken wir Menschen schon seit jeher aus, was uns bewegt. Es erz\u00e4hlt eine Geschichte \u00fcber die tiefsten Sehns\u00fcchte [&hellip;]<\/p>\n","protected":false},"author":1,"featured_media":0,"parent":0,"menu_order":0,"comment_status":"closed","ping_status":"closed","template":"","meta":{"footnotes":""},"class_list":["post-262","page","type-page","status-publish","hentry"],"_links":{"self":[{"href":"https:\/\/lenabreidenbach.de\/en\/wp-json\/wp\/v2\/pages\/262","targetHints":{"allow":["GET"]}}],"collection":[{"href":"https:\/\/lenabreidenbach.de\/en\/wp-json\/wp\/v2\/pages"}],"about":[{"href":"https:\/\/lenabreidenbach.de\/en\/wp-json\/wp\/v2\/types\/page"}],"author":[{"embeddable":true,"href":"https:\/\/lenabreidenbach.de\/en\/wp-json\/wp\/v2\/users\/1"}],"replies":[{"embeddable":true,"href":"https:\/\/lenabreidenbach.de\/en\/wp-json\/wp\/v2\/comments?post=262"}],"version-history":[{"count":37,"href":"https:\/\/lenabreidenbach.de\/en\/wp-json\/wp\/v2\/pages\/262\/revisions"}],"predecessor-version":[{"id":2914,"href":"https:\/\/lenabreidenbach.de\/en\/wp-json\/wp\/v2\/pages\/262\/revisions\/2914"}],"wp:attachment":[{"href":"https:\/\/lenabreidenbach.de\/en\/wp-json\/wp\/v2\/media?parent=262"}],"curies":[{"name":"wp","href":"https:\/\/api.w.org\/{rel}","templated":true}]}}