{"id":170,"date":"2024-03-20T20:05:33","date_gmt":"2024-03-20T20:05:33","guid":{"rendered":"https:\/\/lenabreidenbach.de\/?page_id=170"},"modified":"2024-05-03T16:02:29","modified_gmt":"2024-05-03T16:02:29","slug":"kontakt","status":"publish","type":"page","link":"https:\/\/lenabreidenbach.de\/en\/kontakt\/","title":{"rendered":"Contact"},"content":{"rendered":"<div data-elementor-type=\"wp-page\" data-elementor-id=\"170\" class=\"elementor elementor-170\">\n\t\t\t\t<div class=\"elementor-element elementor-element-807b8ee e-flex e-con-boxed e-con e-parent\" data-id=\"807b8ee\" data-element_type=\"container\" data-e-type=\"container\" data-settings=\"{&quot;background_background&quot;:&quot;classic&quot;}\">\n\t\t\t\t\t<div class=\"e-con-inner\">\n\t\t<div class=\"elementor-element elementor-element-441e24f e-flex e-con-boxed e-con e-child\" data-id=\"441e24f\" data-element_type=\"container\" data-e-type=\"container\">\n\t\t\t\t\t<div class=\"e-con-inner\">\n\t\t\t\t<div class=\"elementor-element elementor-element-9be945c elementor-widget elementor-widget-text-editor\" data-id=\"9be945c\" data-element_type=\"widget\" data-e-type=\"widget\" data-widget_type=\"text-editor.default\">\n\t\t\t\t<div class=\"elementor-widget-container\">\n\t\t\t\t\t\t\t\t\t<p>lena.breidenbach@study.thws.de<\/p><p>breidenbach.lena.3@gmail.com<\/p>\t\t\t\t\t\t\t\t<\/div>\n\t\t\t\t<\/div>\n\t\t\t\t\t<\/div>\n\t\t\t\t<\/div>\n\t\t<div class=\"elementor-element elementor-element-bed3086 e-flex e-con-boxed e-con e-child\" data-id=\"bed3086\" data-element_type=\"container\" data-e-type=\"container\">\n\t\t\t\t\t<div class=\"e-con-inner\">\n\t\t\t\t<div class=\"elementor-element elementor-element-7b88064 elementor-widget elementor-widget-image\" data-id=\"7b88064\" data-element_type=\"widget\" data-e-type=\"widget\" data-widget_type=\"image.default\">\n\t\t\t\t<div class=\"elementor-widget-container\">\n\t\t\t\t\t\t\t\t\t\t\t\t\t\t\t<img fetchpriority=\"high\" decoding=\"async\" width=\"800\" height=\"800\" src=\"https:\/\/lenabreidenbach.de\/wp-content\/uploads\/2024\/04\/Impressum-neu2.png\" class=\"attachment-large size-large wp-image-2520\" alt=\"\" srcset=\"https:\/\/lenabreidenbach.de\/wp-content\/uploads\/2024\/04\/Impressum-neu2.png 1250w, https:\/\/lenabreidenbach.de\/wp-content\/uploads\/2024\/04\/Impressum-neu2-300x300.png 300w, https:\/\/lenabreidenbach.de\/wp-content\/uploads\/2024\/04\/Impressum-neu2-1024x1024.png 1024w, https:\/\/lenabreidenbach.de\/wp-content\/uploads\/2024\/04\/Impressum-neu2-150x150.png 150w, https:\/\/lenabreidenbach.de\/wp-content\/uploads\/2024\/04\/Impressum-neu2-768x768.png 768w, https:\/\/lenabreidenbach.de\/wp-content\/uploads\/2024\/04\/Impressum-neu2-12x12.png 12w\" sizes=\"(max-width: 800px) 100vw, 800px\" \/>\t\t\t\t\t\t\t\t\t\t\t\t\t\t\t<\/div>\n\t\t\t\t<\/div>\n\t\t\t\t\t<\/div>\n\t\t\t\t<\/div>\n\t\t<div class=\"elementor-element elementor-element-0be34cc e-flex e-con-boxed e-con e-child\" data-id=\"0be34cc\" data-element_type=\"container\" data-e-type=\"container\">\n\t\t\t\t\t<div class=\"e-con-inner\">\n\t\t\t\t<div class=\"elementor-element elementor-element-8acfe70 elementor-widget elementor-widget-text-editor\" data-id=\"8acfe70\" data-element_type=\"widget\" data-e-type=\"widget\" data-widget_type=\"text-editor.default\">\n\t\t\t\t<div class=\"elementor-widget-container\">\n\t\t\t\t\t\t\t\t\t<p>Lena Breidenbach\u00a0<\/p><p>97074 W\u00fcrzburg<\/p><p>Angaben gem\u00e4\u00df \u00a7 5 TMG<\/p>\t\t\t\t\t\t\t\t<\/div>\n\t\t\t\t<\/div>\n\t\t\t\t\t<\/div>\n\t\t\t\t<\/div>\n\t\t\t\t\t<\/div>\n\t\t\t\t<\/div>\n\t\t\t\t<\/div>","protected":false},"excerpt":{"rendered":"<p>lena.breidenbach@study.thws.de breidenbach.lena.3@gmail.com Lena Breidenbach\u00a0 97074 W\u00fcrzburg Angaben gem\u00e4\u00df \u00a7 5 TMG<\/p>","protected":false},"author":1,"featured_media":0,"parent":0,"menu_order":0,"comment_status":"closed","ping_status":"closed","template":"","meta":{"footnotes":""},"class_list":["post-170","page","type-page","status-publish","hentry"],"_links":{"self":[{"href":"https:\/\/lenabreidenbach.de\/en\/wp-json\/wp\/v2\/pages\/170","targetHints":{"allow":["GET"]}}],"collection":[{"href":"https:\/\/lenabreidenbach.de\/en\/wp-json\/wp\/v2\/pages"}],"about":[{"href":"https:\/\/lenabreidenbach.de\/en\/wp-json\/wp\/v2\/types\/page"}],"author":[{"embeddable":true,"href":"https:\/\/lenabreidenbach.de\/en\/wp-json\/wp\/v2\/users\/1"}],"replies":[{"embeddable":true,"href":"https:\/\/lenabreidenbach.de\/en\/wp-json\/wp\/v2\/comments?post=170"}],"version-history":[{"count":79,"href":"https:\/\/lenabreidenbach.de\/en\/wp-json\/wp\/v2\/pages\/170\/revisions"}],"predecessor-version":[{"id":2797,"href":"https:\/\/lenabreidenbach.de\/en\/wp-json\/wp\/v2\/pages\/170\/revisions\/2797"}],"wp:attachment":[{"href":"https:\/\/lenabreidenbach.de\/en\/wp-json\/wp\/v2\/media?parent=170"}],"curies":[{"name":"wp","href":"https:\/\/api.w.org\/{rel}","templated":true}]}}