{"id":145,"date":"2024-03-20T19:50:44","date_gmt":"2024-03-20T19:50:44","guid":{"rendered":"https:\/\/lenabreidenbach.de\/?page_id=145"},"modified":"2024-10-06T18:30:39","modified_gmt":"2024-10-06T18:30:39","slug":"kernfrage","status":"publish","type":"page","link":"https:\/\/lenabreidenbach.de\/en\/kernfrage\/","title":{"rendered":"kernfrage"},"content":{"rendered":"<div data-elementor-type=\"wp-page\" data-elementor-id=\"145\" class=\"elementor elementor-145\">\n\t\t\t\t<div class=\"elementor-element elementor-element-5ea168b e-flex e-con-boxed e-con e-parent\" data-id=\"5ea168b\" data-element_type=\"container\" data-e-type=\"container\">\n\t\t\t\t\t<div class=\"e-con-inner\">\n\t\t\t\t<div class=\"elementor-element elementor-element-57c5c07 elementor-widget elementor-widget-button\" data-id=\"57c5c07\" data-element_type=\"widget\" data-e-type=\"widget\" data-widget_type=\"button.default\">\n\t\t\t\t<div class=\"elementor-widget-container\">\n\t\t\t\t\t\t\t\t\t<div class=\"elementor-button-wrapper\">\n\t\t\t\t\t<a class=\"elementor-button elementor-button-link elementor-size-sm elementor-animation-grow\" href=\"https:\/\/lenabreidenbach.de\/en\/kernfrage\/\">\n\t\t\t\t\t\t<span class=\"elementor-button-content-wrapper\">\n\t\t\t\t\t\t\t\t\t<span class=\"elementor-button-text\">Project<\/span>\n\t\t\t\t\t<\/span>\n\t\t\t\t\t<\/a>\n\t\t\t\t<\/div>\n\t\t\t\t\t\t\t\t<\/div>\n\t\t\t\t<\/div>\n\t\t\t\t<div class=\"elementor-element elementor-element-94d88ea elementor-widget elementor-widget-button\" data-id=\"94d88ea\" data-element_type=\"widget\" data-e-type=\"widget\" data-widget_type=\"button.default\">\n\t\t\t\t<div class=\"elementor-widget-container\">\n\t\t\t\t\t\t\t\t\t<div class=\"elementor-button-wrapper\">\n\t\t\t\t\t<a class=\"elementor-button elementor-button-link elementor-size-sm elementor-animation-grow\" href=\"https:\/\/lenabreidenbach.de\/en\/kernfrage-prozess\/\">\n\t\t\t\t\t\t<span class=\"elementor-button-content-wrapper\">\n\t\t\t\t\t\t\t\t\t<span class=\"elementor-button-text\">Process<\/span>\n\t\t\t\t\t<\/span>\n\t\t\t\t\t<\/a>\n\t\t\t\t<\/div>\n\t\t\t\t\t\t\t\t<\/div>\n\t\t\t\t<\/div>\n\t\t\t\t\t<\/div>\n\t\t\t\t<\/div>\n\t\t<div class=\"elementor-element elementor-element-75e541b e-flex e-con-boxed e-con e-parent\" data-id=\"75e541b\" data-element_type=\"container\" data-e-type=\"container\">\n\t\t\t\t\t<div class=\"e-con-inner\">\n\t\t<div class=\"elementor-element elementor-element-a6a35a6 e-con-full e-flex e-con e-child\" data-id=\"a6a35a6\" data-element_type=\"container\" data-e-type=\"container\">\n\t\t<div class=\"elementor-element elementor-element-f888e96 e-flex e-con-boxed e-con e-child\" data-id=\"f888e96\" data-element_type=\"container\" data-e-type=\"container\">\n\t\t\t\t\t<div class=\"e-con-inner\">\n\t\t\t\t<div class=\"elementor-element elementor-element-07f36e7 elementor-widget elementor-widget-video\" data-id=\"07f36e7\" data-element_type=\"widget\" data-e-type=\"widget\" data-settings=\"{&quot;video_type&quot;:&quot;vimeo&quot;}\" data-widget_type=\"video.default\">\n\t\t\t\t<div class=\"elementor-widget-container\">\n\t\t\t\t\t\t\t<div class=\"elementor-wrapper elementor-open-inline\">\n\t\t\t<iframe class=\"elementor-video-iframe\" allowfullscreen allow=\"clipboard-write\" title=\"vimeo Video Player\" src=\"https:\/\/player.vimeo.com\/video\/924095796?color=020101&amp;autopause=0&amp;loop=0&amp;muted=0&amp;title=0&amp;portrait=1&amp;byline=0#t=\"><\/iframe>\t\t<\/div>\n\t\t\t\t\t\t<\/div>\n\t\t\t\t<\/div>\n\t\t\t\t\t<\/div>\n\t\t\t\t<\/div>\n\t\t<div class=\"elementor-element elementor-element-499c86e e-flex e-con-boxed e-con e-child\" data-id=\"499c86e\" data-element_type=\"container\" data-e-type=\"container\">\n\t\t\t\t\t<div class=\"e-con-inner\">\n\t\t<div class=\"elementor-element elementor-element-f8ce0b7 e-flex e-con-boxed e-con e-child\" data-id=\"f8ce0b7\" data-element_type=\"container\" data-e-type=\"container\">\n\t\t\t\t\t<div class=\"e-con-inner\">\n\t\t\t\t<div class=\"elementor-element elementor-element-53e80a0 elementor-widget elementor-widget-image\" data-id=\"53e80a0\" data-element_type=\"widget\" data-e-type=\"widget\" data-widget_type=\"image.default\">\n\t\t\t\t<div class=\"elementor-widget-container\">\n\t\t\t\t\t\t\t\t\t\t\t\t\t\t\t<img fetchpriority=\"high\" decoding=\"async\" width=\"683\" height=\"1024\" src=\"https:\/\/lenabreidenbach.de\/wp-content\/uploads\/2024\/03\/kernfrage-web-8-683x1024.jpg\" class=\"attachment-large size-large wp-image-437\" alt=\"\" srcset=\"https:\/\/lenabreidenbach.de\/wp-content\/uploads\/2024\/03\/kernfrage-web-8-683x1024.jpg 683w, https:\/\/lenabreidenbach.de\/wp-content\/uploads\/2024\/03\/kernfrage-web-8-200x300.jpg 200w, https:\/\/lenabreidenbach.de\/wp-content\/uploads\/2024\/03\/kernfrage-web-8-768x1152.jpg 768w, https:\/\/lenabreidenbach.de\/wp-content\/uploads\/2024\/03\/kernfrage-web-8-1024x1536.jpg 1024w, https:\/\/lenabreidenbach.de\/wp-content\/uploads\/2024\/03\/kernfrage-web-8.jpg 1067w\" sizes=\"(max-width: 683px) 100vw, 683px\" \/>\t\t\t\t\t\t\t\t\t\t\t\t\t\t\t<\/div>\n\t\t\t\t<\/div>\n\t\t\t\t\t<\/div>\n\t\t\t\t<\/div>\n\t\t<div class=\"elementor-element elementor-element-231505a e-flex e-con-boxed e-con e-child\" data-id=\"231505a\" data-element_type=\"container\" data-e-type=\"container\">\n\t\t\t\t\t<div class=\"e-con-inner\">\n\t\t\t\t<div class=\"elementor-element elementor-element-cf2e21d elementor-widget elementor-widget-image\" data-id=\"cf2e21d\" data-element_type=\"widget\" data-e-type=\"widget\" data-widget_type=\"image.default\">\n\t\t\t\t<div class=\"elementor-widget-container\">\n\t\t\t\t\t\t\t\t\t\t\t\t\t\t\t<img decoding=\"async\" width=\"683\" height=\"1024\" src=\"https:\/\/lenabreidenbach.de\/wp-content\/uploads\/2024\/03\/kernfrage-web-1-683x1024.jpg\" class=\"attachment-large size-large wp-image-436\" alt=\"\" srcset=\"https:\/\/lenabreidenbach.de\/wp-content\/uploads\/2024\/03\/kernfrage-web-1-683x1024.jpg 683w, https:\/\/lenabreidenbach.de\/wp-content\/uploads\/2024\/03\/kernfrage-web-1-200x300.jpg 200w, https:\/\/lenabreidenbach.de\/wp-content\/uploads\/2024\/03\/kernfrage-web-1-768x1152.jpg 768w, https:\/\/lenabreidenbach.de\/wp-content\/uploads\/2024\/03\/kernfrage-web-1-1024x1536.jpg 1024w, https:\/\/lenabreidenbach.de\/wp-content\/uploads\/2024\/03\/kernfrage-web-1.jpg 1067w\" sizes=\"(max-width: 683px) 100vw, 683px\" \/>\t\t\t\t\t\t\t\t\t\t\t\t\t\t\t<\/div>\n\t\t\t\t<\/div>\n\t\t\t\t\t<\/div>\n\t\t\t\t<\/div>\n\t\t\t\t\t<\/div>\n\t\t\t\t<\/div>\n\t\t<div class=\"elementor-element elementor-element-ad0b7fc e-flex e-con-boxed e-con e-child\" data-id=\"ad0b7fc\" data-element_type=\"container\" data-e-type=\"container\">\n\t\t\t\t\t<div class=\"e-con-inner\">\n\t\t\t\t<div class=\"elementor-element elementor-element-8ae797b elementor-arrows-position-inside elementor-pagination-position-outside elementor-widget elementor-widget-image-carousel\" data-id=\"8ae797b\" data-element_type=\"widget\" data-e-type=\"widget\" data-settings=\"{&quot;slides_to_show&quot;:&quot;1&quot;,&quot;navigation&quot;:&quot;both&quot;,&quot;autoplay&quot;:&quot;yes&quot;,&quot;pause_on_hover&quot;:&quot;yes&quot;,&quot;pause_on_interaction&quot;:&quot;yes&quot;,&quot;autoplay_speed&quot;:5000,&quot;infinite&quot;:&quot;yes&quot;,&quot;effect&quot;:&quot;slide&quot;,&quot;speed&quot;:500}\" data-widget_type=\"image-carousel.default\">\n\t\t\t\t<div class=\"elementor-widget-container\">\n\t\t\t\t\t\t\t<div class=\"elementor-image-carousel-wrapper swiper\" role=\"region\" aria-roledescription=\"carousel\" aria-label=\"Bild Karussell\" dir=\"ltr\">\n\t\t\t<div class=\"elementor-image-carousel swiper-wrapper\" aria-live=\"off\">\n\t\t\t\t\t\t\t\t<div class=\"swiper-slide\" role=\"group\" aria-roledescription=\"slide\" aria-label=\"1 von 6\"><figure class=\"swiper-slide-inner\"><img decoding=\"async\" class=\"swiper-slide-image\" src=\"https:\/\/lenabreidenbach.de\/wp-content\/uploads\/2024\/03\/kernfrage-web-3-1024x683.jpg\" alt=\"kernfrage-web-3\" \/><\/figure><\/div><div class=\"swiper-slide\" role=\"group\" aria-roledescription=\"slide\" aria-label=\"2 von 6\"><figure class=\"swiper-slide-inner\"><img decoding=\"async\" class=\"swiper-slide-image\" src=\"https:\/\/lenabreidenbach.de\/wp-content\/uploads\/2024\/03\/kernfrage-web-7-1024x683.jpg\" alt=\"kernfrage-web-7\" \/><\/figure><\/div><div class=\"swiper-slide\" role=\"group\" aria-roledescription=\"slide\" aria-label=\"3 von 6\"><figure class=\"swiper-slide-inner\"><img decoding=\"async\" class=\"swiper-slide-image\" src=\"https:\/\/lenabreidenbach.de\/wp-content\/uploads\/2024\/03\/kernfrage-web-2-1024x683.jpg\" alt=\"kernfrage-web-2\" \/><\/figure><\/div><div class=\"swiper-slide\" role=\"group\" aria-roledescription=\"slide\" aria-label=\"4 von 6\"><figure class=\"swiper-slide-inner\"><img decoding=\"async\" class=\"swiper-slide-image\" src=\"https:\/\/lenabreidenbach.de\/wp-content\/uploads\/2024\/03\/kernfrage-web-4-1024x683.jpg\" alt=\"kernfrage-web-4\" \/><\/figure><\/div><div class=\"swiper-slide\" role=\"group\" aria-roledescription=\"slide\" aria-label=\"5 von 6\"><figure class=\"swiper-slide-inner\"><img decoding=\"async\" class=\"swiper-slide-image\" src=\"https:\/\/lenabreidenbach.de\/wp-content\/uploads\/2024\/03\/kernfrage-web-5-1024x683.jpg\" alt=\"kernfrage-web-5\" \/><\/figure><\/div><div class=\"swiper-slide\" role=\"group\" aria-roledescription=\"slide\" aria-label=\"6 von 6\"><figure class=\"swiper-slide-inner\"><img decoding=\"async\" class=\"swiper-slide-image\" src=\"https:\/\/lenabreidenbach.de\/wp-content\/uploads\/2024\/03\/kernfrage-web-6-1024x683.jpg\" alt=\"kernfrage-web-6\" \/><\/figure><\/div>\t\t\t<\/div>\n\t\t\t\t\t\t\t\t\t\t\t\t<div class=\"elementor-swiper-button elementor-swiper-button-prev\" role=\"button\" tabindex=\"0\">\n\t\t\t\t\t\t<svg aria-hidden=\"true\" class=\"e-font-icon-svg e-eicon-chevron-left\" viewbox=\"0 0 1000 1000\" xmlns=\"http:\/\/www.w3.org\/2000\/svg\"><path d=\"M646 125C629 125 613 133 604 142L308 442C296 454 292 471 292 487 292 504 296 521 308 533L604 854C617 867 629 875 646 875 663 875 679 871 692 858 704 846 713 829 713 812 713 796 708 779 692 767L438 487 692 225C700 217 708 204 708 187 708 171 704 154 692 142 675 129 663 125 646 125Z\"><\/path><\/svg>\t\t\t\t\t<\/div>\n\t\t\t\t\t<div class=\"elementor-swiper-button elementor-swiper-button-next\" role=\"button\" tabindex=\"0\">\n\t\t\t\t\t\t<svg aria-hidden=\"true\" class=\"e-font-icon-svg e-eicon-chevron-right\" viewbox=\"0 0 1000 1000\" xmlns=\"http:\/\/www.w3.org\/2000\/svg\"><path d=\"M696 533C708 521 713 504 713 487 713 471 708 454 696 446L400 146C388 133 375 125 354 125 338 125 325 129 313 142 300 154 292 171 292 187 292 204 296 221 308 233L563 492 304 771C292 783 288 800 288 817 288 833 296 850 308 863 321 871 338 875 354 875 371 875 388 867 400 854L696 533Z\"><\/path><\/svg>\t\t\t\t\t<\/div>\n\t\t\t\t\n\t\t\t\t\t\t\t\t\t<div class=\"swiper-pagination\"><\/div>\n\t\t\t\t\t\t\t\t\t<\/div>\n\t\t\t\t\t\t<\/div>\n\t\t\t\t<\/div>\n\t\t\t\t\t<\/div>\n\t\t\t\t<\/div>\n\t\t\t\t<\/div>\n\t\t<div class=\"elementor-element elementor-element-1798800 e-con-full e-flex e-con e-child\" data-id=\"1798800\" data-element_type=\"container\" data-e-type=\"container\">\n\t\t<div class=\"elementor-element elementor-element-7169251 e-flex e-con-boxed e-con e-child\" data-id=\"7169251\" data-element_type=\"container\" data-e-type=\"container\">\n\t\t\t\t\t<div class=\"e-con-inner\">\n\t\t\t\t<div class=\"elementor-element elementor-element-84cc8b1 elementor-widget elementor-widget-text-editor\" data-id=\"84cc8b1\" data-element_type=\"widget\" data-e-type=\"widget\" data-widget_type=\"text-editor.default\">\n\t\t\t\t<div class=\"elementor-widget-container\">\n\t\t\t\t\t\t\t\t\t<p>Kernfrage<\/p>\t\t\t\t\t\t\t\t<\/div>\n\t\t\t\t<\/div>\n\t\t\t\t\t<\/div>\n\t\t\t\t<\/div>\n\t\t<div class=\"elementor-element elementor-element-a0eb739 e-flex e-con-boxed e-con e-child\" data-id=\"a0eb739\" data-element_type=\"container\" data-e-type=\"container\">\n\t\t\t\t\t<div class=\"e-con-inner\">\n\t\t\t\t<div class=\"elementor-element elementor-element-3846cb8 elementor-widget elementor-widget-text-editor\" data-id=\"3846cb8\" data-element_type=\"widget\" data-e-type=\"widget\" data-widget_type=\"text-editor.default\">\n\t\t\t\t<div class=\"elementor-widget-container\">\n\t\t\t\t\t\t\t\t\t<p>Getting closer to radioactivity<\/p>\t\t\t\t\t\t\t\t<\/div>\n\t\t\t\t<\/div>\n\t\t\t\t\t<\/div>\n\t\t\t\t<\/div>\n\t\t<div class=\"elementor-element elementor-element-769810b e-flex e-con-boxed e-con e-child\" data-id=\"769810b\" data-element_type=\"container\" data-e-type=\"container\">\n\t\t\t\t\t<div class=\"e-con-inner\">\n\t\t\t\t<div class=\"elementor-element elementor-element-c806364 elementor-widget elementor-widget-text-editor\" data-id=\"c806364\" data-element_type=\"widget\" data-e-type=\"widget\" data-widget_type=\"text-editor.default\">\n\t\t\t\t<div class=\"elementor-widget-container\">\n\t\t\t\t\t\t\t\t\t<p>The atomic nucleus can be translated as \"Kern\" in German. But \"Kernfrage\" also means \"key question\". Radioactivity is one of the big topics of our times and very controversially discussed. Since its discovery it rewrote our history first as a miracle, then as a superpower, but also destroyer. Yet the topic still remains abstract and unknowable for many people. Through the interactive installation \u201eKernfrage\u201c visitors can literally get closer to radioactivity. In three areas, divided into three zones, they can discover various aspects of the topic auditory. Meanwhile, they are getting closer and closer to the origin of radioactivity.<span class=\"Apple-converted-space\">\u00a0<\/span><\/p>\t\t\t\t\t\t\t\t<\/div>\n\t\t\t\t<\/div>\n\t\t\t\t\t<\/div>\n\t\t\t\t<\/div>\n\t\t<div class=\"elementor-element elementor-element-151fc9b e-flex e-con-boxed e-con e-child\" data-id=\"151fc9b\" data-element_type=\"container\" data-e-type=\"container\">\n\t\t\t\t\t<div class=\"e-con-inner\">\n\t\t\t\t<div class=\"elementor-element elementor-element-6de407a elementor-widget elementor-widget-text-editor\" data-id=\"6de407a\" data-element_type=\"widget\" data-e-type=\"widget\" data-widget_type=\"text-editor.default\">\n\t\t\t\t<div class=\"elementor-widget-container\">\n\t\t\t\t\t\t\t\t\t<p>3. semester, 2024<\/p>\t\t\t\t\t\t\t\t<\/div>\n\t\t\t\t<\/div>\n\t\t\t\t\t<\/div>\n\t\t\t\t<\/div>\n\t\t\t\t<\/div>\n\t\t\t\t\t<\/div>\n\t\t\t\t<\/div>\n\t\t\t\t<\/div>","protected":false},"excerpt":{"rendered":"<p>Projekt Prozess Kernfrage Der Radioaktivit\u00e4t n\u00e4her kommen Radioaktivit\u00e4t ist eines der gro\u00dfen Themen unserer Zeit. Ihre Entdeckung brachte der Menschheit gro\u00dfen Fortschritt, aber auch gro\u00dfe Zerst\u00f6rung. In der Politik werden immer wieder kontrovers die Stichw\u00f6rter Atomkraft, Atomm\u00fcll und Endlagersuche diskutiert. Viele Menschen f\u00fchlen sich aber mit der Komplexit\u00e4t des Themas \u00fcberfordert. Durch die interaktive Installation [&hellip;]<\/p>\n","protected":false},"author":1,"featured_media":0,"parent":0,"menu_order":0,"comment_status":"closed","ping_status":"closed","template":"","meta":{"footnotes":""},"class_list":["post-145","page","type-page","status-publish","hentry"],"_links":{"self":[{"href":"https:\/\/lenabreidenbach.de\/en\/wp-json\/wp\/v2\/pages\/145","targetHints":{"allow":["GET"]}}],"collection":[{"href":"https:\/\/lenabreidenbach.de\/en\/wp-json\/wp\/v2\/pages"}],"about":[{"href":"https:\/\/lenabreidenbach.de\/en\/wp-json\/wp\/v2\/types\/page"}],"author":[{"embeddable":true,"href":"https:\/\/lenabreidenbach.de\/en\/wp-json\/wp\/v2\/users\/1"}],"replies":[{"embeddable":true,"href":"https:\/\/lenabreidenbach.de\/en\/wp-json\/wp\/v2\/comments?post=145"}],"version-history":[{"count":170,"href":"https:\/\/lenabreidenbach.de\/en\/wp-json\/wp\/v2\/pages\/145\/revisions"}],"predecessor-version":[{"id":3031,"href":"https:\/\/lenabreidenbach.de\/en\/wp-json\/wp\/v2\/pages\/145\/revisions\/3031"}],"wp:attachment":[{"href":"https:\/\/lenabreidenbach.de\/en\/wp-json\/wp\/v2\/media?parent=145"}],"curies":[{"name":"wp","href":"https:\/\/api.w.org\/{rel}","templated":true}]}}